{"id":11664,"date":"2019-09-18T23:48:27","date_gmt":"2019-09-18T21:48:27","guid":{"rendered":"http:\/\/staging.foolography.com\/produkte\/entagged\/"},"modified":"2024-12-18T15:48:51","modified_gmt":"2024-12-18T14:48:51","slug":"entagged","status":"publish","type":"page","link":"https:\/\/staging.foolography.com\/de\/produkte\/entagged\/","title":{"rendered":"ENTAGGED"},"content":{"rendered":"<section class=\"landing-section section-half-height\">\r\n <article class=\"grid grid-full section-half-height vc reveal\">\r\n   <h3>\u00a0<\/h3>\r\n   <p><img decoding=\"async\" src=\"\/wp-content\/uploads\/ENTAGGED-GOTPHOTO.svg\" alt=\"ENTAGGED - GOTPHOTO\" class=\"size-large\" \/><\/p>\r\n   <p>Wir freuen uns sehr, bekanntzugeben, dass das Entagged von Fotograf.de, der f\u00fchrenden End-to-End-Workflow- und E-Commerce-L\u00f6sung f\u00fcr Fotografen, \u00fcbernommen wurde. Mit dieser \u00dcbernahme beginnt ein spannendes neues Kapitel f\u00fcr uns, da wir unsere Kr\u00e4fte b\u00fcndeln, um unseren Kunden ein noch besseres Erlebnis mit neuen Funktionen und verbessertem Support zu bieten.<\/p>\r\n  <p><a href=\"\/de\/2024\/08\/14\/fotograf-de-uebernimmt-entagged\/\" class=\"learn-more\">Erfahre mehr \u00fcber die \u00dcbernahme<\/a><\/p>\r\n <\/article>\r\n<\/section>\r\n\r\n<section class=\"section-splash section-full-height\">\r\n <article class=\"grid-full section-full-height raster vc\">\r\n  <h1 class=\"headline\">ENTAGGED<\/h1>\r\n  <h2 class=\"subtitle\">Barcode Tagging f\u00fcr Massenfotografie<\/h2>\r\n <\/article>\r\n\r\n <video class=\"bg-video-cover\" preload=\"auto\" autoplay loop muted playsinline webkit-playsinline poster=\"\/wp-content\/uploads\/42_School-Photography-Still-480.jpg\">\r\n\r\n  <source src=\"\/wp-content\/uploads\/School-Photography-Loop-ColorUPCool.mp4\" type=\"video\/mp4\">\r\n  <source src=\"\/wp-content\/uploads\/School-Photography-Loop-ColorUPCool.webmsd.webm\" type=\"video\/webm\">\r\n  <source src=\"\/wp-content\/uploads\/School-Photography-Loop-ColorUPCool.oggtheora.ogv\" type=\"video\/ogg\">\r\n<img decoding=\"async\" class=\"video-background-fallback\" src=\"\/wp-content\/uploads\/42_School-Photography-Still-480.jpg\" \/>\r\n <\/video>\r\n<\/section>\r\n\r\n\r\n<section class=\"landing-section section-half-height bg-light\">\r\n <article class=\"grid grid-full section-half-height bg-light vc reveal\">\r\n   <h3 class=\"large\">SPAREN SIE Zeit UND GELD: AUTOMATISIEREN SIE IHREN FOTOGRAFIE WORKFLOW.<\/h3>\r\n   <p class=\"large\">Wieviel Zeit verbringen Sie damit, Ihre Fotos zu sortieren und den Menschen zuzuordnen, die Sie fotografiert haben? Lassen Sie das ENTAGGED die Zuordnung \u00fcbernehmen, damit Sie sich auf das Wichtige konzentrieren k\u00f6nnen: Gro\u00dfartige Bilder zu machen.<\/p>\r\n   <p class=\"large\">Das ENTAGGED ist ein winziges, kabelloses Bluetooth Modul, das in Ihre Kamera gesteckt wird. Es ordnet automatisch Menschen oder Produkte den jeweiligen Fotos zu, indem es direkt einen Barcode in den Metadaten des Fotos einbettet.<\/p>\r\n <\/article>\r\n<\/section>\r\n\r\n\r\n<section class=\"landing-section section-full-height landing-section--light bg-light landing-section__tiles\">\r\n\r\n    <h3 class=\"landing-section__title reveal\">Testimonials<\/h3>\r\n\r\n  \r\n\t\t\t<div class=\"testimonials__wrapper\">\n\t\t\t\t\r\n\r\n    \t\t\t<blockquote class=\"testimonials__card\">\n\t\t\t\t<p class=\"testimonials__card__body\">\n\t\t\t\t\t\r\n    \u201cIch kann mit Sicherheit sagen, dass es ohne das Entagged mein Business nicht mehr geben w\u00fcrde.\u201d \r\n    \t\t\t\t\t<i class=\"fas fa-quote-right quote\"><\/i>\n\t\t\t\t<\/p>\n\t\t\t\t<footer class=\"testimonials__card__footer\">\n\t\t\t\t\t\t\t\t\t\t<p class=\"testimonials__card__author\">\n\t\t\t\t\t\tPaul Darbyshire\t\t\t\t\t\t\t<small class='testimonials__card__author__subtitle'>\n\t\t\t\t\t\t\t\tDarby Photos, Canada\t\t\t\t\t\t\t<\/small>\n\t\t\t\t\t\t\t\t\t\t\t<\/p>\n\t\t\t\t<\/footer>\n\t\t\t<\/blockquote>\n\t\t\t\r\n\r\n \t\t\t<blockquote class=\"testimonials__card\">\n\t\t\t\t<p class=\"testimonials__card__body\">\n\t\t\t\t\t\r\n    \u201cDas Entagged hat unseren Workflow absolut beschleunigt. Ich empfehle es allen in meinem Netzwerk an Fotografen.\u201d \r\n    \t\t\t\t\t<i class=\"fas fa-quote-right quote\"><\/i>\n\t\t\t\t<\/p>\n\t\t\t\t<footer class=\"testimonials__card__footer\">\n\t\t\t\t\t\t\t\t\t\t<p class=\"testimonials__card__author\">\n\t\t\t\t\t\tAmy Godin\t\t\t\t\t\t\t<small class='testimonials__card__author__subtitle'>\n\t\t\t\t\t\t\t\tNielsen, USA\t\t\t\t\t\t\t<\/small>\n\t\t\t\t\t\t\t\t\t\t\t<\/p>\n\t\t\t\t<\/footer>\n\t\t\t<\/blockquote>\n\t\t\t\r\n\r\n    \t\t\t<blockquote class=\"testimonials__card\">\n\t\t\t\t<p class=\"testimonials__card__body\">\n\t\t\t\t\t\r\n    \u201cDas Entagged ist der wertvollste Kauf, den wir je gemacht haben.\u201d \r\n    \t\t\t\t\t<i class=\"fas fa-quote-right quote\"><\/i>\n\t\t\t\t<\/p>\n\t\t\t\t<footer class=\"testimonials__card__footer\">\n\t\t\t\t\t\t\t\t\t\t<p class=\"testimonials__card__author\">\n\t\t\t\t\t\tSam Boarer\t\t\t\t\t\t\t<small class='testimonials__card__author__subtitle'>\n\t\t\t\t\t\t\t\tWhite Rose Trading CIC, UK\t\t\t\t\t\t\t<\/small>\n\t\t\t\t\t\t\t\t\t\t\t<\/p>\n\t\t\t\t<\/footer>\n\t\t\t<\/blockquote>\n\t\t\t\r\n  \r\n\t\t\t<\/div>\n\t\t\t\r\n\r\n<\/section>\r\n\r\n\r\n<\/section>\r\n\r\n\r\n<section class=\"landing-section section-half-height bg-light\">\r\n      <div class=\"grid grid-half section-half-height support-videos__post-wrapper\"><div class=\"responsive-container\">\r\n<iframe loading=\"lazy\" width=\"748\" height=\"421\" src=\"https:\/\/www.youtube.com\/embed\/mwxuJfZ9Hi8?feature=oembed\" title=\"Chris Wunder - Entagged Testimonial\" frameborder=\"0\" allow=\"accelerometer; autoplay; clipboard-write; encrypted-media; gyroscope; picture-in-picture\" allowfullscreen><\/iframe><\/div><\/div>\r\n<article class=\"grid grid-half section-half-height bg-light vc reveal\">\r\n \r\n  <h3>Chris Wunder, Volume Imaging Professionals, USA.<\/h3>\r\n  <p>&#8222;Also, es muss einfach das Entagged Modul sein! Es wird direkt an meine Kamera gesteckt und erm\u00f6glicht mir den Ablauf: Scannen, Foto machen, scannen, Foto machen. So schnell wie ich kann, ohne dass ich ein Foto von einem QR-Code machen muss. Es ist so viel schneller bei einem Shooting und im Durchschnitt spart man dadurch 30 Minuten am Tag. Und wie wir alle wissen: Zeit ist Geld!&#8220;<\/p>\r\n <\/article>\r\n\r\n<\/section>\r\n\r\n<section class=\"landing-section section-full-height bg-light\">\r\n <article class=\"grid grid-half section-full-height bg-light vc reveal\">\r\n\r\n  <h3>Narrensichere Workflow Automatisierung.<\/h3>\r\n<ol type = \"1\">\r\n   <li>Barcode scannen mit der ENTAGGED App oder einem Scanner<\/li>\r\n   <li>Ein oder mehrere Fotos eines Menschen machen<\/li>\r\n   <li>Code wird direkt in den Metadaten der Fotos gespeichert<\/li>\r\n   <li>Fotos werden automatisch in der Workflow Software den Menschen zugeordnet<\/li>\r\n  <\/ol>\r\n  <p><a href=\"workflow\/#workflow\" class=\"learn-more\">Mehr erfahren \u00fcber den Workflow f\u00fcr Schul-, Event- und Cruiseship Fotografie<\/a><\/p>\r\n <\/article>\r\n\r\n <div class=\"grid grid-half bg-image section-full-height\" style=\"background-image: url('\/wp-content\/uploads\/BE-workflow-illustration-copy.svg');background-position: center center\">\r\n <\/div>\r\n\r\n<\/section>\r\n\r\n\r\n<section class=\"landing-section section-full-height bg-light\">\r\n  \r\n <div class=\"grid grid-half bg-image section-full-height bg-light\" style=\"background-image: url('\/wp-content\/uploads\/entagged-graphic.svg'); \r\n\tbackground-position: center center\">\r\n <\/div>\r\n\r\n <article class=\"grid grid-half section-full-height bg-light vc reveal\">\r\n  <h3>Minimalistisches Setup. Keine Zusatzsoftware.<\/h3>\r\n  <p>Alles was Sie ben\u00f6tigen ist unser winziges Bluetooth Modul an Ihrer Canon oder Nikon DSLR. Das ENTAGGED verbindet sich per Bluetooth mit Ihrem Smartphone oder mit einem streichholzschachtelgro\u00dfen, drahtlosen Barcode-, QR-Code- oder RFID-Scanner. Gescannte Codes werden in den Metadaten der Fotos gespeichert, und zwar in Standardfeldern: Kommentar-Feld bei Nikon und Copyright-Feld bei Canon. So ist keine Zusatzsoftware n\u00f6tig, da der gr\u00f6\u00dfte Teil der Workflow Software f\u00fcr Massenfotografie bereits mit diesen Feldern umgehen kann.<\/p>\r\n  <p><a href=\"technology\/\" class=\"learn-more\">Mehr erfahren wie es funktioniert <\/a><\/p>\r\n <\/article>\r\n\r\n<\/section>\r\n\r\n\r\n\r\n<section class=\"landing-section section-half-height bg-light\">\r\n <article class=\"grid grid-full section-half-height bg-light vc reveal\">\r\n\r\n  <h3>Designt um die Produktivit\u00e4t zu f\u00f6rdern.<\/h3>\r\n  <p>Das ENTAGGED wurde f\u00fcr Profis entwickelt, die hunderte bis tausende Fotos am Tag schie\u00dfen. Es ist so designt, dass es Ihre Produktivit\u00e4t f\u00f6rdert. Das kleine Modul wird an der Seite der Kamera angesteckt und l\u00e4sst Ihnen beim Fotografieren alle Freiheit. Keine klobigen Add-ons. Und der Blitzschuh bleibt frei. Ein winziges Modul, das Sie nicht einmal bemerken werden.<\/p>\r\n  <p><a href=\"design\/\" class=\"learn-more\">Mehr \u00fcber das Design erfahren<\/a><\/p>\r\n <\/article>\r\n<\/section>\r\n\r\n\r\n<section class=\"landing-section section-full-height bg-light\">\r\n <div class=\"grid grid-full bg-image section-full-height bg-light\" style=\"background-image: url('\/wp-content\/uploads\/31_Entagged_RFID-Scanner_bg238-centered.jpg'); background-position: center bottom;\">\r\n <\/div>\r\n<\/section>\r\n\r\n\r\n<section class=\"landing-section section-full-height bg-light\">\r\n\r\n <div class=\"grid grid-full bg-image section-full-height\" style=\" position: absolute; background-image: url('\/wp-content\/uploads\/32_Made-in-Germany_2_foolography.jpg'); \r\n\tbackground-position: center center\">\r\n <\/div>\r\n <div class=\"hspacer grid grid-half\"><\/div>\r\n\r\n <article class=\"grid grid-half section-full-height overlay-medium-opaque-light bg-light vc reveal\">\r\n  <h3>Produktqualit\u00e4t. Genauso wichtig wie jede andere Funktion.<\/h3>\r\n  <p>Unauff\u00e4lliges Design, Verl\u00e4sslichkeit und hohe Qualit\u00e4t sind uns genauso wichtig wie Ihnen. Deshalb ist das ENTAGGED in Deutschland designt, entwickelt und produziert. Jedes Modul, jeder Schritt. Und nat\u00fcrlich gibt es qualifizierten Support und Unterst\u00fctzung.<\/p>\r\n  <p><a href=\"technology\/#quality\" class=\"learn-more\">Mehr \u00fcber die Qualit\u00e4t erfahren<\/a><\/p>\r\n <\/article>\r\n\r\n<\/section>\r\n\r\n\r\n\r\n<section class=\"landing-section section-half-height bg-light\">\r\n\r\n <article class=\"grid grid-half section-half-height bg-light vc reveal\">\r\n  <h3>Eine flexible L\u00f6sung f\u00fcr eine vielf\u00e4ltige Industrie.<\/h3>\r\n  <p>Das ENTAGGED ist die beste L\u00f6sung um Ihren Workflow zu automatisieren. Es reiht sich ein in den Rest Ihres Prozesses und kann f\u00fcr jeden Anwendungsfall angepasst werden. Hunderte von Fotografen rund um die Welt nutzen bereits das ENTAGGED oder den Vorg\u00e4nger BARCODE EDITION Tag ein, Tag aus, in Freizeitparks, Schulen, Warenlagern und vielen weiteren Anwendungsgebieten und sparen so Zeit und Geld.<\/p>\r\n <\/article>  \r\n\r\n <div class=\"grid grid-half bg-image-cover section-half-height bg-light\" style=\"background-image: url('\/wp-content\/uploads\/33_Tile-Style_school.jpg'); \r\n\tbackground-position: center center\">\r\n <\/div>\r\n\r\n<\/section>\r\n\r\n\r\n<section class=\"landing-section section-full-height bg-light\">\r\n\r\n <div class=\"grid grid-half bg-image section-full-height bg-light\" style=\"background-image: url('\/wp-content\/uploads\/35_Camera-Entagged-iPhone-Buy-Now.jpg'); \r\n\tbackground-position: right center;\">\r\n <\/div>\r\n\r\n <article class=\"grid grid-half section-full-height bg-light vc reveal\">\r\n  <h3>Jetzt kaufen um Zeit und Geld zu sparen.<\/h3>\r\n  <p>Automatisieren Sie den Fotografie Prozess. Holen Sie sich das ENTAGGED und verkn\u00fcpfen Sie Kunden oder Produkte mit deren Fotos, so einfach wie es nur geht.<\/p>\r\n <p>Wir bieten eine 30 Tage Geld-zur\u00fcck-Garantie an.<\/p>\r\n  <p class=\"buy-button\"><a href=\"https:\/\/shop.gotphoto.com\/products\/entagged\">Jetzt kaufen<\/a><\/p>\r\n <\/article>\r\n\r\n<\/section>","protected":false},"excerpt":{"rendered":"\u00a0 Wir freuen uns sehr, bekanntzugeben, dass das Entagged von Fotograf.de, der f\u00fchrenden End-to-End-Workflow- und E-Commerce-L\u00f6sung f\u00fcr Fotografen, \u00fcbernommen wurde. Mit dieser \u00dcbernahme beginnt ein spannendes neues Kapitel f\u00fcr uns, da wir unsere Kr\u00e4fte b\u00fcndeln, um unseren Kunden ein noch besseres Erlebnis mit neuen Funktionen und verbessertem Support zu bieten. Erfahre mehr \u00fcber die \u00dcbernahme [&hellip;]","protected":false},"author":1,"featured_media":0,"parent":11638,"menu_order":2,"comment_status":"closed","ping_status":"closed","template":"template-fullwidth.php","meta":{"footnotes":""},"yoast_head":"<!-- This site is optimized with the Yoast SEO plugin v22.8 - https:\/\/yoast.com\/wordpress\/plugins\/seo\/ -->\n<title>ENTAGGED \u2013 Die Revolution f\u00fcr Massenfotografie<\/title>\n<meta name=\"description\" content=\"Zeit und Geld sparen: automatisiere deinen Fotografie-Workflow mit Barcode oder RFID Tagging. Produktinfos oder Personendaten werden so in den Metadaten der Fotos gespeichert und die Verbindung von Foto mit Personen oder Produkten automatisch hergestellt.\" \/>\n<meta name=\"robots\" content=\"index, follow, max-snippet:-1, max-image-preview:large, max-video-preview:-1\" \/>\n<link rel=\"canonical\" href=\"https:\/\/staging.foolography.com\/products\/entagged\/\" \/>\n<meta property=\"og:locale\" content=\"de_DE\" \/>\n<meta property=\"og:type\" content=\"article\" \/>\n<meta property=\"og:title\" content=\"ENTAGGED \u2013 Die Revolution f\u00fcr Massenfotografie\" \/>\n<meta property=\"og:description\" content=\"Zeit und Geld sparen: automatisiere deinen Fotografie-Workflow mit Barcode oder RFID Tagging. Produktinfos oder Personendaten werden so in den Metadaten der Fotos gespeichert und die Verbindung von Foto mit Personen oder Produkten automatisch hergestellt.\" \/>\n<meta property=\"og:url\" content=\"https:\/\/staging.foolography.com\/products\/entagged\/\" \/>\n<meta property=\"og:site_name\" content=\"foolography\" \/>\n<meta property=\"article:publisher\" content=\"https:\/\/facebook.com\/foolography\" \/>\n<meta property=\"article:modified_time\" content=\"2024-12-18T14:48:51+00:00\" \/>\n<meta name=\"twitter:card\" content=\"summary_large_image\" \/>\n<meta name=\"twitter:site\" content=\"@foolography\" \/>\n<meta name=\"twitter:label1\" content=\"Est. reading time\" \/>\n\t<meta name=\"twitter:data1\" content=\"3 Minuten\" \/>\n<!-- \/ Yoast SEO plugin. -->","yoast_head_json":{"title":"ENTAGGED \u2013 Die Revolution f\u00fcr Massenfotografie","description":"Zeit und Geld sparen: automatisiere deinen Fotografie-Workflow mit Barcode oder RFID Tagging. Produktinfos oder Personendaten werden so in den Metadaten der Fotos gespeichert und die Verbindung von Foto mit Personen oder Produkten automatisch hergestellt.","robots":{"index":"index","follow":"follow","max-snippet":"max-snippet:-1","max-image-preview":"max-image-preview:large","max-video-preview":"max-video-preview:-1"},"canonical":"https:\/\/staging.foolography.com\/products\/entagged\/","og_locale":"de_DE","og_type":"article","og_title":"ENTAGGED \u2013 Die Revolution f\u00fcr Massenfotografie","og_description":"Zeit und Geld sparen: automatisiere deinen Fotografie-Workflow mit Barcode oder RFID Tagging. Produktinfos oder Personendaten werden so in den Metadaten der Fotos gespeichert und die Verbindung von Foto mit Personen oder Produkten automatisch hergestellt.","og_url":"https:\/\/staging.foolography.com\/products\/entagged\/","og_site_name":"foolography","article_publisher":"https:\/\/facebook.com\/foolography","article_modified_time":"2024-12-18T14:48:51+00:00","twitter_card":"summary_large_image","twitter_site":"@foolography","twitter_misc":{"Est. reading time":"3 Minuten"},"schema":{"@context":"https:\/\/schema.org","@graph":[{"@type":"WebPage","@id":"https:\/\/staging.foolography.com\/products\/entagged\/","url":"https:\/\/staging.foolography.com\/products\/entagged\/","name":"ENTAGGED \u2013 Die Revolution f\u00fcr Massenfotografie","isPartOf":{"@id":"https:\/\/staging.foolography.com\/#website"},"datePublished":"2019-09-18T21:48:27+00:00","dateModified":"2024-12-18T14:48:51+00:00","description":"Zeit und Geld sparen: automatisiere deinen Fotografie-Workflow mit Barcode oder RFID Tagging. Produktinfos oder Personendaten werden so in den Metadaten der Fotos gespeichert und die Verbindung von Foto mit Personen oder Produkten automatisch hergestellt.","breadcrumb":{"@id":"https:\/\/staging.foolography.com\/products\/entagged\/#breadcrumb"},"inLanguage":"de-DE","potentialAction":[{"@type":"ReadAction","target":["https:\/\/staging.foolography.com\/products\/entagged\/"]}]},{"@type":"BreadcrumbList","@id":"https:\/\/staging.foolography.com\/products\/entagged\/#breadcrumb","itemListElement":[{"@type":"ListItem","position":1,"name":"Home","item":"https:\/\/staging.foolography.com\/de\/"},{"@type":"ListItem","position":2,"name":"Produkte","item":"https:\/\/staging.foolography.com\/de\/produkte\/"},{"@type":"ListItem","position":3,"name":"ENTAGGED"}]},{"@type":"WebSite","@id":"https:\/\/staging.foolography.com\/#website","url":"https:\/\/staging.foolography.com\/","name":"foolography","description":"Smartes Kamerazubeh\u00f6r","potentialAction":[{"@type":"SearchAction","target":{"@type":"EntryPoint","urlTemplate":"https:\/\/staging.foolography.com\/?s={search_term_string}"},"query-input":"required name=search_term_string"}],"inLanguage":"de-DE"}]}},"_links":{"self":[{"href":"https:\/\/staging.foolography.com\/de\/wp-json\/wp\/v2\/pages\/11664"}],"collection":[{"href":"https:\/\/staging.foolography.com\/de\/wp-json\/wp\/v2\/pages"}],"about":[{"href":"https:\/\/staging.foolography.com\/de\/wp-json\/wp\/v2\/types\/page"}],"author":[{"embeddable":true,"href":"https:\/\/staging.foolography.com\/de\/wp-json\/wp\/v2\/users\/1"}],"replies":[{"embeddable":true,"href":"https:\/\/staging.foolography.com\/de\/wp-json\/wp\/v2\/comments?post=11664"}],"version-history":[{"count":25,"href":"https:\/\/staging.foolography.com\/de\/wp-json\/wp\/v2\/pages\/11664\/revisions"}],"predecessor-version":[{"id":69304,"href":"https:\/\/staging.foolography.com\/de\/wp-json\/wp\/v2\/pages\/11664\/revisions\/69304"}],"up":[{"embeddable":true,"href":"https:\/\/staging.foolography.com\/de\/wp-json\/wp\/v2\/pages\/11638"}],"wp:attachment":[{"href":"https:\/\/staging.foolography.com\/de\/wp-json\/wp\/v2\/media?parent=11664"}],"curies":[{"name":"wp","href":"https:\/\/api.w.org\/{rel}","templated":true}]}}