{"id":11700,"date":"2019-09-19T12:19:46","date_gmt":"2019-09-19T10:19:46","guid":{"rendered":"http:\/\/staging.foolography.com\/produkte\/entagged\/workflow\/"},"modified":"2024-10-09T14:11:28","modified_gmt":"2024-10-09T12:11:28","slug":"workflow","status":"publish","type":"page","link":"https:\/\/staging.foolography.com\/de\/produkte\/entagged\/workflow\/","title":{"rendered":"Workflow"},"content":{"rendered":"<section class=\"landing-section section-half-height\">\r\n <article class=\"grid grid-full section-half-height vc reveal\">\r\n   <h3>\u00a0<\/h3>\r\n   <p><img decoding=\"async\" src=\"\/wp-content\/uploads\/ENTAGGED-GOTPHOTO.svg\" alt=\"ENTAGGED - GOTPHOTO\" class=\"size-large\" \/><\/p>\r\n   <p>Wir freuen uns sehr, bekanntzugeben, dass das Entagged von Fotograf.de, der f\u00fchrenden End-to-End-Workflow- und E-Commerce-L\u00f6sung f\u00fcr Fotografen, \u00fcbernommen wurde. Mit dieser \u00dcbernahme beginnt ein spannendes neues Kapitel f\u00fcr uns, da wir unsere Kr\u00e4fte b\u00fcndeln, um unseren Kunden ein noch besseres Erlebnis mit neuen Funktionen und verbessertem Support zu bieten.<\/p>\r\n  <p><a href=\"\/de\/2024\/08\/14\/fotograf-de-uebernimmt-entagged\/\" class=\"learn-more\">Erfahre mehr \u00fcber die \u00dcbernahme<\/a><\/p>\r\n <\/article>\r\n<\/section>\r\n\r\n<section class=\"section-splash section-full-height\">\r\n <article class=\"grid-full section-full-height header vc \">\r\n  <h1>WENIGER ARBEITEN. MEHR ERREICHEN.<\/h1>\r\n <\/article>\r\n\r\n<div class=\"bg-image-cover grid grid-full section-full-height\" style=\"background-image: url('\/wp-content\/uploads\/42_School-Photography-Still.jpg'); background-position: center top;\">\r\n<\/div>\r\n<\/section>\r\n\r\n\r\n<section class=\"landing-section section-half-height bg-light\">\r\n <article class=\"grid grid-full section-half-height bg-light vc reveal\">\r\n\r\n   <p class=\"large\">In der Massenfotografie ist es oft m\u00fchevoll Arbeit, Fotos den jeweiligen Personen zuzuordnen und den Kunden direkten Zugriff auf deren Fotos zu geben. Das ENTAGGED \u00e4ndert dies und erm\u00f6glicht einen einfachen und automatischen Prozess. Es ist ein wichtiges Teil im Workflow-Puzzle f\u00fcr Massenfotografen. Es \u00fcbernimmt eine essenzielle Aufgabe beim Photoshoot: Die Daten, wer oder was fotografiert wird, in die Metadaten des Fotos speichern. Danach kann jede Workflow-Software \u00fcbernehmen &#8211; das ENTAGGED ist bereits mit vielen kompatibel und kann einfach in Ihre eigene L\u00f6sung integriert werden.\r\n<\/p>\r\n<!-- In high volume photography markets, associating people with their photos and giving customers quick and direct access to them, can be difficult and tedious work. The ENTAGGED changes that, enabling an easy, automated and efficient workflow. It's an important piece of the workflow puzzle for volume photographers. It handles a crucial part at the photoshoot: getting the data, who or what is on the photo, into the photo's metadata. It's compatible with a lot of commonly used workflow software, and can easily be integrated in yours. -->\r\n\r\n <\/article>\r\n<\/section>\r\n\r\n\r\n\r\n<section class=\"landing-section section-half-height bg-light\">\r\n <article class=\"grid grid-full section-half-height bg-light vc reveal\">\r\n <h2>So einfach wie den Ausl\u00f6ser dr\u00fccken.<!--As easy as pressing the shutter.--><\/h2>\r\n  <p>Das ENTAGGED zu verwenden k\u00f6nnte nicht einfacher sein. Ob Sie in der Schul-\/Kita-Fotografie, Produktfotografie oder Eventfotografie sind, wird Ihnen dieses Zubeh\u00f6r viel Zeit und Kosten sparen, aber vor allem auch Ihren Kunden das Einkaufserlebnis deutlich erleichtern und somit die Kundenbeziehung st\u00e4rken.<\/p>\r\n\r\n<!-- Using the ENTAGGED couldn\u2019t be easier. Whether you\u2019re in school photography, event photography or product photography, this camera accessory will save you time and money and bring experience of purchasing photos to a new level, strengthening customer relations. -->\r\n <\/article>\r\n<\/section>\r\n\r\n\r\n\r\n<section class=\"landing-section section-half-height bg-light\">\r\n  <article class=\"grid grid-third section-half-height bg-light hc reveal-80\">\r\n\r\n   <img decoding=\"async\" src=\"\/wp-content\/uploads\/BE-123-scan.svg\" alt=\"BE-123-scan\" class=\"aligncenter size-full wp-image-2902\" \/>\r\n  <h3>1.<\/h3>\r\n  <p>Barcode oder RFID Tag mit der App oder einem Scanner scannen <!-- Scan a barcode or RFID tag with the app or scanner--><\/p>\r\n <\/article>\r\n\r\n <article class=\"grid grid-third section-half-height bg-light hc reveal-70\">\r\n  <img decoding=\"async\" src=\"\/wp-content\/uploads\/BE-123-shoot.svg\" alt=\"BE-123-shoot\" class=\"aligncenter size-full wp-image-2900\" \/>\r\n  <h3>2.<\/h3>\r\n  <p>Ein oder mehrere Fotos aufnehmen<!--Take one or more photos--><\/p>\r\n <\/article>\r\n\r\n <article class=\"grid grid-third section-half-height bg-light hc reveal-60\">\r\n  <img decoding=\"async\" src=\"\/wp-content\/uploads\/BE-123-associate.svg\" alt=\"BE-123-associate\" class=\"aligncenter size-full wp-image-2899\" \/>\r\n  <h3>3.<\/h3>\r\n  <p>Code ist in den Metadaten der Fotos gespeichert<!--Code is stored in the photos' metadata--><\/p>\r\n <\/article>\r\n<\/section>\r\n\r\n<section class=\"landing-section section-full-height landing-section--light bg-light landing-section__tiles\">\r\n\r\n    <h3 class=\"landing-section__title reveal\">Testimonials<\/h3>\r\n\r\n  \r\n\t\t\t<div class=\"testimonials__wrapper\">\n\t\t\t\t\r\n\r\n    \t\t\t<blockquote class=\"testimonials__card\">\n\t\t\t\t<p class=\"testimonials__card__body\">\n\t\t\t\t\t\r\n    \u201cIch kann mit Sicherheit sagen, dass es ohne das Entagged mein Business nicht mehr geben w\u00fcrde.\u201d \r\n    \t\t\t\t\t<i class=\"fas fa-quote-right quote\"><\/i>\n\t\t\t\t<\/p>\n\t\t\t\t<footer class=\"testimonials__card__footer\">\n\t\t\t\t\t\t\t\t\t\t<p class=\"testimonials__card__author\">\n\t\t\t\t\t\tPaul Darbyshire\t\t\t\t\t\t\t<small class='testimonials__card__author__subtitle'>\n\t\t\t\t\t\t\t\tDarby Photos, Canada\t\t\t\t\t\t\t<\/small>\n\t\t\t\t\t\t\t\t\t\t\t<\/p>\n\t\t\t\t<\/footer>\n\t\t\t<\/blockquote>\n\t\t\t\r\n\r\n\t\t\t<blockquote class=\"testimonials__card\">\n\t\t\t\t<p class=\"testimonials__card__body\">\n\t\t\t\t\t\r\n    \u201cDas Entagged spart im durchschnittlichen Shooting 30 Minuten. F\u00fcr gr\u00f6\u00dfere Events sogar mehr. Und wie wir alle wissen: Zeit ist Geld!\u201d \r\n    \t\t\t\t\t<i class=\"fas fa-quote-right quote\"><\/i>\n\t\t\t\t<\/p>\n\t\t\t\t<footer class=\"testimonials__card__footer\">\n\t\t\t\t\t\t\t\t\t\t<p class=\"testimonials__card__author\">\n\t\t\t\t\t\tChris Wunder\t\t\t\t\t\t\t<small class='testimonials__card__author__subtitle'>\n\t\t\t\t\t\t\t\tPortrait EFX, USA\t\t\t\t\t\t\t<\/small>\n\t\t\t\t\t\t\t\t\t\t\t<\/p>\n\t\t\t\t<\/footer>\n\t\t\t<\/blockquote>\n\t\t\t\r\n\r\n    \t\t\t<blockquote class=\"testimonials__card\">\n\t\t\t\t<p class=\"testimonials__card__body\">\n\t\t\t\t\t\r\n    \u201cDas Entagged ist der wertvollste Kauf, den wir je gemacht haben.\u201d \r\n    \t\t\t\t\t<i class=\"fas fa-quote-right quote\"><\/i>\n\t\t\t\t<\/p>\n\t\t\t\t<footer class=\"testimonials__card__footer\">\n\t\t\t\t\t\t\t\t\t\t<p class=\"testimonials__card__author\">\n\t\t\t\t\t\tSam Boarer\t\t\t\t\t\t\t<small class='testimonials__card__author__subtitle'>\n\t\t\t\t\t\t\t\tWhite Rose Trading CIC, UK\t\t\t\t\t\t\t<\/small>\n\t\t\t\t\t\t\t\t\t\t\t<\/p>\n\t\t\t\t<\/footer>\n\t\t\t<\/blockquote>\n\t\t\t\r\n\r\n\t\t\t<\/div>\n\t\t\t\r\n\r\n<\/section>\r\n\r\n<section class=\"landing-section section-half-height bg-light\">\r\n      <div class=\"grid grid-half section-half-height support-videos__post-wrapper\"><div class=\"responsive-container\">\r\n<iframe loading=\"lazy\" width=\"748\" height=\"421\" src=\"https:\/\/www.youtube.com\/embed\/YxJ6AfDfXrI?feature=oembed\" title=\"Chris Wunder - Entagged Testimonial\" frameborder=\"0\" allow=\"accelerometer; autoplay; clipboard-write; encrypted-media; gyroscope; picture-in-picture\" allowfullscreen><\/iframe><\/div><\/div>\r\n<article class=\"grid grid-half section-half-height bg-light vc reveal\">\r\n \r\n  <h3>Beispiel eines WORKFLOWs.<\/h3>\r\n  <p>Begleiten Sie Schulfotograf Tim Mcdonald (Eigent\u00fcmer von Image Art Studio) bei einem Jahrbuch Shooting und sehen Sie das ENTAGGED in Aktion. Das ENTAGGED speichert die Sch\u00fcler ID jedes Sch\u00fclers als Barcode in den Metadaten der Bilder. Die genutzte Software (in diesem Fall GotPhoto) ordnet die Bilder mit Hilfe der gespeicherten Barcodes den jeweiligen Sch\u00fclern zu. <\/p>\r\n <\/article>\r\n\r\n<\/section>\r\n\r\n<section class=\"landing-section section-full-height bg-light \">\r\n<article class=\"grid grid-half section-full-height bg-light vc reveal\">\r\n  <h3>Beispielprozess eines Eventfotografen:<\/h3>\r\n  <ol><li>Hat einen Stapel von Visitenkarten mit zuf\u00e4llig generierten Barcodes bedruckt vorbereitet.<\/li>\r\n<li>M\u00f6chte ein Foto einer Person machen.<\/li>\r\n<li>Nimmt die n\u00e4chste Barcode Karte und scannt diese mit der App oder dem drahtlosen Scanner.<\/li>\r\n<li>Nimmt Fotos der Person auf.<\/li>\r\n<li>Gibt der Person die Barcode Karte.<\/li>\r\n<li>L\u00e4dt die Fotos vom Event auf die Webseite hoch, die die Codes in den Metadaten erkennt.<\/li>\r\n<li>Die Person folgt Anweisungen auf der Visitenkarte und gibt seinen Code auf der Webseite ein, um seine und keine anderen Fotos zu sehen, teilen oder kaufen.<\/li>\r\n<\/ol>\r\n <\/article>\r\n\r\n<div class=\"grid grid-half bg-image-cover section-full-height bg-light\" style=\"background-image: url('\/wp-content\/uploads\/33_Tile-Style_event.jpg');\">\r\n\r\n <\/div>\r\n<\/section>\r\n\r\n\r\n\r\n<section class=\"landing-section section-full-height bg-light\">\r\n<div class=\"grid grid-half bg-image-cover section-full-height bg-light\" style=\"background-image: url('\/wp-content\/uploads\/33_Tile-Style_school.jpg');\">\r\n <\/div>\r\n\r\n<article class=\"grid grid-half section-full-height bg-light vc reveal\">\r\n  <h3>Beispiel Workflow eines Schulfotografen in den USA:<\/h3>\r\n  <ol><li>Bekommt Sch\u00fclerliste von der Schule und generiert Barcodes f\u00fcr jede Sch\u00fclernummer.<\/li>\r\n<li>Druckt individualisierte Bestellscheine aus.<\/li>\r\n<li>Baut in der Schule das Fotostudio auf.<\/li>\r\n<li>Die Sch\u00fcler kommen rein mit dem bereits ausgef\u00fcllten Bestellschein.<\/li>\r\n<li>Nimmt den Bestellschein, scannt Sch\u00fclerID und spezielle Barcodes f\u00fcr die Bestelloptionen.<\/li>\r\n<li>Nimmt Fotos des Sch\u00fclers auf.<\/li>\r\n<li>Schickt die Fotos direkt ans Labor.<\/li>\r\n<li>Labor liest die Bestelldaten direkt aus den Metadaten der Fotos, kann so die bestellten Optionen drucken und die Fotos direkt nach Sch\u00fcler sortiert an die Schule schicken, oder sogar direkt zum Sch\u00fcler.<\/li>\r\n<\/ol> \r\n <\/article>\r\n<\/section>\r\n\r\n\r\n\r\n<section class=\"landing-section section-full-height bg-light \">\r\n<article class=\"grid grid-half section-full-height bg-light vc reveal\">\r\n  <h3>Beispielprozess eines Fotografen auf einem Kreuzfahrtschiff:<\/h3>\r\n  <ol><li>Scannt das RFID Armband einer Familie mit dem drahtlosen RFID scanner.<\/li>\r\n<li>Nimmt Fotos auf.<\/li>\r\n<li>L\u00e4dt alle Fotos in die Fotografie-Software des Schiffs.<\/li>\r\n<li>Die Familie loggt sich auf der Webseite des Kreuzfahrtschiffes ein und w\u00e4hlt sich die besten Fotos aus, um am Ende der Kreuzfahrt die Auswahl als Fotobuch drucken zu lassen.<\/li>\r\n<\/ol>\r\n <\/article>\r\n<div class=\"grid grid-half bg-image-cover section-full-height bg-light\" style=\"background-image: url('\/wp-content\/uploads\/44_Tile-Style_cruiseship.jpg');\">\r\n <\/div>\r\n\r\n<\/section>\r\n\r\n\r\n<section class=\"landing-section section-quarter-height bg-light\">\r\n<\/section>\r\n\r\n\r\n<section class=\"landing-section section-full-height bg-light\">\r\n<article class=\"grid grid-half section-full-height bg-light vc reveal\">\r\n\r\n  <h3>Softwareunabh\u00e4ngig. Mit vielen Kompatibel, integrierbar mit Ihrer.<\/h3>\r\n  <p>Das ENTAGGED speichert Barcodes direkt in die Metadaten der Fotos, und zwar in Standardfelder (Nikon: Kommentar-Feld, Canon: Copyright-Feld), sodass es mit den beliebtesten Workflows-Softwareanbietern, sowie Onlinediensten sofort kompatibel ist. Wenn Sie eine eigene Software\/Webseite nutzen, ist das Integrieren unserer L\u00f6sung problemlos und unkompliziert m\u00f6glich.<\/p>\r\n<p><a href=\"..\/compatibility\/#software\" class=\"learn-more\">Mehr \u00fcber kompatible Software erfahren<\/a><\/p>\r\n\r\n <\/article>\r\n\r\n <div class=\"grid grid-half bg-image section-full-height\" style=\"background-image: url('\/wp-content\/uploads\/46-sourcecode-fade.png'); background-position: left center\">\r\n <\/div>\r\n\r\n<\/section>\r\n\r\n\r\n<section class=\"landing-section section-full-height bg-light\">\r\n\r\n <div class=\"grid grid-half bg-image section-full-height bg-light\" style=\"background-image: url('\/wp-content\/uploads\/35_Camera-Entagged-iPhone-Buy-Now.jpg'); \r\n\tbackground-position: right center;\">\r\n <\/div>\r\n\r\n <article class=\"grid grid-half section-full-height bg-light vc reveal\">\r\n  <h3>Jetzt kaufen um Zeit und Geld zu sparen.<\/h3>\r\n  <p>Automatisieren Sie den Fotografie Prozess. Holen Sie sich das ENTAGGED und verkn\u00fcpfen Sie Kunden oder Produkte mit deren Fotos, so einfach wie es nur geht.<\/p>\r\n <p>Wir bieten eine 30 Tage Geld-zur\u00fcck-Garantie an.<\/a><\/p>\r\n  <p class=\"buy-button\"><a href=\"https:\/\/shop.gotphoto.com\/products\/entagged\">Jetzt kaufen<\/a><\/p>\r\n <\/article>\r\n\r\n<\/section>","protected":false},"excerpt":{"rendered":"\u00a0 Wir freuen uns sehr, bekanntzugeben, dass das Entagged von Fotograf.de, der f\u00fchrenden End-to-End-Workflow- und E-Commerce-L\u00f6sung f\u00fcr Fotografen, \u00fcbernommen wurde. Mit dieser \u00dcbernahme beginnt ein spannendes neues Kapitel f\u00fcr uns, da wir unsere Kr\u00e4fte b\u00fcndeln, um unseren Kunden ein noch besseres Erlebnis mit neuen Funktionen und verbessertem Support zu bieten. Erfahre mehr \u00fcber die \u00dcbernahme [&hellip;]","protected":false},"author":1,"featured_media":0,"parent":11664,"menu_order":0,"comment_status":"closed","ping_status":"closed","template":"template-fullwidth.php","meta":{"footnotes":""},"yoast_head":"<!-- This site is optimized with the Yoast SEO plugin v22.8 - https:\/\/yoast.com\/wordpress\/plugins\/seo\/ -->\n<title>Workflow - foolography<\/title>\n<meta name=\"robots\" content=\"index, follow, max-snippet:-1, max-image-preview:large, max-video-preview:-1\" \/>\n<link rel=\"canonical\" href=\"https:\/\/staging.foolography.com\/products\/entagged\/workflow\/\" \/>\n<meta property=\"og:locale\" content=\"de_DE\" \/>\n<meta property=\"og:type\" content=\"article\" \/>\n<meta property=\"og:title\" content=\"Workflow - foolography\" \/>\n<meta property=\"og:description\" content=\"\u00a0 Wir freuen uns sehr, bekanntzugeben, dass das Entagged von Fotograf.de, der f\u00fchrenden End-to-End-Workflow- und E-Commerce-L\u00f6sung f\u00fcr Fotografen, \u00fcbernommen wurde. Mit dieser \u00dcbernahme beginnt ein spannendes neues Kapitel f\u00fcr uns, da wir unsere Kr\u00e4fte b\u00fcndeln, um unseren Kunden ein noch besseres Erlebnis mit neuen Funktionen und verbessertem Support zu bieten. Erfahre mehr \u00fcber die \u00dcbernahme [&hellip;]\" \/>\n<meta property=\"og:url\" content=\"https:\/\/staging.foolography.com\/products\/entagged\/workflow\/\" \/>\n<meta property=\"og:site_name\" content=\"foolography\" \/>\n<meta property=\"article:publisher\" content=\"https:\/\/facebook.com\/foolography\" \/>\n<meta property=\"article:modified_time\" content=\"2024-10-09T12:11:28+00:00\" \/>\n<meta name=\"twitter:card\" content=\"summary_large_image\" \/>\n<meta name=\"twitter:site\" content=\"@foolography\" \/>\n<meta name=\"twitter:label1\" content=\"Est. reading time\" \/>\n\t<meta name=\"twitter:data1\" content=\"4 Minuten\" \/>\n<!-- \/ Yoast SEO plugin. -->","yoast_head_json":{"title":"Workflow - foolography","robots":{"index":"index","follow":"follow","max-snippet":"max-snippet:-1","max-image-preview":"max-image-preview:large","max-video-preview":"max-video-preview:-1"},"canonical":"https:\/\/staging.foolography.com\/products\/entagged\/workflow\/","og_locale":"de_DE","og_type":"article","og_title":"Workflow - foolography","og_description":"\u00a0 Wir freuen uns sehr, bekanntzugeben, dass das Entagged von Fotograf.de, der f\u00fchrenden End-to-End-Workflow- und E-Commerce-L\u00f6sung f\u00fcr Fotografen, \u00fcbernommen wurde. Mit dieser \u00dcbernahme beginnt ein spannendes neues Kapitel f\u00fcr uns, da wir unsere Kr\u00e4fte b\u00fcndeln, um unseren Kunden ein noch besseres Erlebnis mit neuen Funktionen und verbessertem Support zu bieten. Erfahre mehr \u00fcber die \u00dcbernahme [&hellip;]","og_url":"https:\/\/staging.foolography.com\/products\/entagged\/workflow\/","og_site_name":"foolography","article_publisher":"https:\/\/facebook.com\/foolography","article_modified_time":"2024-10-09T12:11:28+00:00","twitter_card":"summary_large_image","twitter_site":"@foolography","twitter_misc":{"Est. reading time":"4 Minuten"},"schema":{"@context":"https:\/\/schema.org","@graph":[{"@type":"WebPage","@id":"https:\/\/staging.foolography.com\/products\/entagged\/workflow\/","url":"https:\/\/staging.foolography.com\/products\/entagged\/workflow\/","name":"Workflow - foolography","isPartOf":{"@id":"https:\/\/staging.foolography.com\/#website"},"datePublished":"2019-09-19T10:19:46+00:00","dateModified":"2024-10-09T12:11:28+00:00","breadcrumb":{"@id":"https:\/\/staging.foolography.com\/products\/entagged\/workflow\/#breadcrumb"},"inLanguage":"de-DE","potentialAction":[{"@type":"ReadAction","target":["https:\/\/staging.foolography.com\/products\/entagged\/workflow\/"]}]},{"@type":"BreadcrumbList","@id":"https:\/\/staging.foolography.com\/products\/entagged\/workflow\/#breadcrumb","itemListElement":[{"@type":"ListItem","position":1,"name":"Home","item":"https:\/\/staging.foolography.com\/de\/"},{"@type":"ListItem","position":2,"name":"Produkte","item":"https:\/\/staging.foolography.com\/de\/produkte\/"},{"@type":"ListItem","position":3,"name":"ENTAGGED","item":"https:\/\/staging.foolography.com\/products\/entagged\/"},{"@type":"ListItem","position":4,"name":"Workflow"}]},{"@type":"WebSite","@id":"https:\/\/staging.foolography.com\/#website","url":"https:\/\/staging.foolography.com\/","name":"foolography","description":"Smartes Kamerazubeh\u00f6r","potentialAction":[{"@type":"SearchAction","target":{"@type":"EntryPoint","urlTemplate":"https:\/\/staging.foolography.com\/?s={search_term_string}"},"query-input":"required name=search_term_string"}],"inLanguage":"de-DE"}]}},"_links":{"self":[{"href":"https:\/\/staging.foolography.com\/de\/wp-json\/wp\/v2\/pages\/11700"}],"collection":[{"href":"https:\/\/staging.foolography.com\/de\/wp-json\/wp\/v2\/pages"}],"about":[{"href":"https:\/\/staging.foolography.com\/de\/wp-json\/wp\/v2\/types\/page"}],"author":[{"embeddable":true,"href":"https:\/\/staging.foolography.com\/de\/wp-json\/wp\/v2\/users\/1"}],"replies":[{"embeddable":true,"href":"https:\/\/staging.foolography.com\/de\/wp-json\/wp\/v2\/comments?post=11700"}],"version-history":[{"count":11,"href":"https:\/\/staging.foolography.com\/de\/wp-json\/wp\/v2\/pages\/11700\/revisions"}],"predecessor-version":[{"id":69307,"href":"https:\/\/staging.foolography.com\/de\/wp-json\/wp\/v2\/pages\/11700\/revisions\/69307"}],"up":[{"embeddable":true,"href":"https:\/\/staging.foolography.com\/de\/wp-json\/wp\/v2\/pages\/11664"}],"wp:attachment":[{"href":"https:\/\/staging.foolography.com\/de\/wp-json\/wp\/v2\/media?parent=11700"}],"curies":[{"name":"wp","href":"https:\/\/api.w.org\/{rel}","templated":true}]}}