{"id":11701,"date":"2019-09-19T12:22:47","date_gmt":"2019-09-19T10:22:47","guid":{"rendered":"http:\/\/staging.foolography.com\/produkte\/entagged\/design\/"},"modified":"2024-10-09T14:13:26","modified_gmt":"2024-10-09T12:13:26","slug":"design","status":"publish","type":"page","link":"https:\/\/staging.foolography.com\/de\/produkte\/entagged\/design\/","title":{"rendered":"Design"},"content":{"rendered":"<section class=\"landing-section section-half-height\">\r\n <article class=\"grid grid-full section-half-height vc reveal\">\r\n   <h3>\u00a0<\/h3>\r\n   <p><img decoding=\"async\" src=\"\/wp-content\/uploads\/ENTAGGED-GOTPHOTO.svg\" alt=\"ENTAGGED - GOTPHOTO\" class=\"size-large\" \/><\/p>\r\n   <p>Wir freuen uns sehr, bekanntzugeben, dass das Entagged von Fotograf.de, der f\u00fchrenden End-to-End-Workflow- und E-Commerce-L\u00f6sung f\u00fcr Fotografen, \u00fcbernommen wurde. Mit dieser \u00dcbernahme beginnt ein spannendes neues Kapitel f\u00fcr uns, da wir unsere Kr\u00e4fte b\u00fcndeln, um unseren Kunden ein noch besseres Erlebnis mit neuen Funktionen und verbessertem Support zu bieten.<\/p>\r\n  <p><a href=\"\/de\/2024\/08\/14\/fotograf-de-uebernimmt-entagged\/\" class=\"learn-more\">Erfahre mehr \u00fcber die \u00dcbernahme<\/a><\/p>\r\n <\/article>\r\n<\/section>\r\n\r\n<section class=\"section-splash section-full-height bg-light\">\r\n <article class=\"grid-full section-full-height header vc \">\r\n <\/article>\r\n\r\n  <div class=\"grid grid-full bg-image section-full-height bg-light\" style=\"background-image: url('\/wp-content\/uploads\/31_Entagged_RFID-Scanner_bg238-centered.jpg'); background-position: center bottom;\">\r\n <\/div>\r\n<\/section>\r\n\r\n\r\n\r\n<section class=\"landing-section section-half-height bg-light\">\r\n <article class=\"grid grid-full section-half-height bg-light vc reveal\">\r\n<h2>DESIGN DAS DER FUNKTION FOLGT.<\/h2>\r\n<p class=\"large\">In der Massenfotografie haben kleine \u00c4nderungen im Setup oder Prozess riesige Auswirkungen im Ergebnis. Sowohl positive als auch negative. Das ENTAGGED ist so designt, dass es nicht beeintr\u00e4chtigt, wie Sie Fotografieren, egal ob Sie Ihre Kamera halten, oder auf&#8217;s Stativ stellen. Es ist winzig, unauff\u00e4llig und so platziert, dass die Basis Ihrer Kamera und der Blitzschuh f\u00fcr weiteres Zubeh\u00f6r freibleiben und keine st\u00f6renden Kabel von der Kamera runterh\u00e4ngen.<\/p>\r\n <\/article>\r\n\r\n<\/section>\r\n\r\n\r\n\r\n<section class=\"landing-section section-full-height bg-light\">\r\n\r\n <div class=\"grid grid-half bg-image section-full-height\" style=\"background-image: url('\/wp-content\/uploads\/C1-N1-BG238-1600x960.jpg');\">\r\n <\/div>\r\n\r\n<article class=\"grid grid-half section-full-height bg-light vc\">\r\n\r\n  <h2 class=\"reveal\">ENTAGGED: Das Bluetooth Modul.<\/h2>\r\n  <h4 class=\"reveal\">Das optimale Design f\u00fcr Canon und Nikon.<\/h4>\r\n  <p class=\"reveal-70\">Das ENTAGGED ist f\u00fcr 28 Canon DSLRs ab 2009 und 35 Nikon DSLRs ab 2005 verf\u00fcgbar. Modelle f\u00fcr Sony und andere sind in der Entwicklung. Um perfekt zu passen, gibt es das ENTAGGED in 4 Modellen, mit den richtigen Steckern f\u00fcr die jeweiligen Kameras.<\/p>\r\n\r\n  <h4 class=\"reveal\">So winzig wie m\u00f6glich.<\/h4>\r\n  <p class=\"reveal-70\">Oft wird bei Kamerazubeh\u00f6r der Designaspekt vernachl\u00e4ssigt. Die Kamera wird dadurch gro\u00df und unhandlich und der Aufbau wird zeitaufw\u00e4ndig. Das ENTAGGED C1\/C2 ist nur 13,7 x 35,2 x 5,0mm klein und das N1\/N2 noch nicht einmal halb so gro\u00df: nur 13,7 x 16,0 x 5,5mm! Es sitzt flach an der Seite der Kamera, und ist nie im Weg.<\/p>\r\n\r\n <\/article>\r\n\r\n<\/section>\r\n\r\n\r\n\r\n<section class=\"landing-section section-full-height bg-light\">\r\n\r\n<article class=\"grid grid-half section-full-height bg-light vc\">\r\n\r\n  <h2 class=\"reveal\">ENTAGGED: Die App.<\/h2>\r\n  <h4 class=\"reveal\">Kostenlos und intuitiv.<\/h4>\r\n  <p class=\"reveal-70\">Die App gibt es kostenlos im Apple AppStore or Google Playstore. Sie bietet eine intuitive und benutzerfreundliche Bedienoberfl\u00e4che, um Barcodes un QR-Codes zu scannen und an&#8217;s ENTAGGED Modul zu schicken.<\/p>\r\n\r\n  <h4 class=\"reveal\">Klare Visuelle Elemente f\u00fcr Ihre Sorglosigkeit.<\/h4>\r\n  <p class=\"reveal-70\">Die App zeigt deutlich erfolgreich Scans, best\u00e4tigte \u00dcbertragung, sowie Warnungen und Fehlermeldungen an. Dies erm\u00f6glicht fehlerfreies Arbeiten und verhindert Probleme in der Nachbearbeitung, wenn es bereits zu sp\u00e4t ist.<\/p>\r\n\r\n   <\/article>\r\n\r\n <div class=\"grid grid-half bg-image section-full-height\" style=\"background-image: url('\/wp-content\/uploads\/iphone-entagged-BG238-1600x960.jpg');\">\r\n <\/div>\r\n\r\n<\/section>\r\n\r\n<section class=\"landing-section section-full-height bg-light\">\r\n\r\n<article class=\"grid grid-half section-full-height bg-light vc\">\r\n\r\n  <h2 class=\"reveal\">ENTAGGED: Kompatible Scanner.<\/h2>\r\n  <h4 class=\"reveal\">So Handlich Wie M\u00f6glich.<\/h4>\r\n  <p class=\"reveal-70\">Wir haben ein paar gro\u00dfartige Scanner ausgew\u00e4hlt und mit dem ENTAGGED kompatibel gemacht. Um sicherzustellen, dass Sie nicht noch ein gro\u00dfes Ger\u00e4t neben der Kamera schleppen m\u00fcssen, passen alle ausgew\u00e4hlten Scanner gut in die Hand und sind nur so gro\u00df wie eine Streichholzschachtel.<\/p>\r\n\r\n  <h4 class=\"reveal\">Kein Schnickschnack. Mehr Fokus.<\/h4>\r\n  <p class=\"reveal-70\">Intuitives Design macht die Scanner benutzerfreundlich. Eine gro\u00dfe Taste erlaubt es, schnell und sicher zu scannen &#8211; egal wie stressig die Situation gerade ist. Die Scanner k\u00f6nnen an einem Band um den Hals getragen werden. Da sie unglaublich leicht sind, st\u00f6ren sie auch bei einem langen Arbeitstag nicht.<\/p>\r\n <\/article>\r\n <div class=\"grid grid-half bg-image section-full-height\" style=\"background-image: url('\/wp-content\/uploads\/50_Opticon-PX20_White-Background.jpg');\">\r\n <\/div>\r\n\r\n<\/section>\r\n\r\n<section class=\"landing-section section-quarter-height bg-light\">\r\n <article class=\"grid grid-full section-quarter-height bg-light vc reveal\">\r\n\r\n <h2>Sehen Sie die verschiedenen Modelle.<\/h2>\r\n <\/article>\r\n\r\n<\/section>\r\n\r\n\r\n\r\n<section class=\"landing-section section-half-height bg-light\">\r\n  \r\n <article class=\"grid grid-third section-half-height bg-light vc reveal\">\r\n  <h3>ENTAGGED C1<\/h3>\r\n  <p>Kompatibel mit Canon:\r\n1DX Mark II, 5DS\/5DSR, 5D Mark IV<\/p>\r\n\r\n <\/article>\r\n<div class=\"grid grid-third bg-image section-half-height\" style=\"background-image: url('\/wp-content\/uploads\/C1-BG238-1600x480.jpg');\">\r\n<\/div>\r\n<div class=\"grid grid-third bg-image section-half-height\" style=\"background-image: url('\/wp-content\/uploads\/C1-camera-BG238-1600x480.jpg');\">\r\n <\/div>\r\n\r\n<\/section>\r\n\r\n\r\n\r\n<section class=\"landing-section section-half-height bg-light\">\r\n  \r\n <article class=\"grid grid-third section-half-height bg-light vc reveal\">\r\n  <h3>ENTAGGED C2<\/h3>\r\n  <p>Kompatibel mit Canon: \r\n5D Mark II, 5D Mark III, 7D, 6D, 6D Mark II, 60D\/60Da, 77D, 80D, 500D\/T1i, 550D\/T2i, 600D\/T3i, 650D\/T4, 700D\/T5i, 750D\/T6i, 760D\/T6s, 800D\/T7i, 100D\/SL1, 200D\/SL2, 1100D\/T3, 1200D\/T5, 1300D\/T6, 2000D\/T7, 4000D<\/p>\r\n <\/article>\r\n<div class=\"grid grid-third bg-image section-half-height\" style=\"background-image: url('\/wp-content\/uploads\/C1-BG238-1600x480.jpg');\">\r\n <\/div>\r\n<div class=\"grid grid-third bg-image section-half-height\" style=\"background-image: url('\/wp-content\/uploads\/C1-camera-BG238-1600x480.jpg');\">\r\n <\/div>\r\n\r\n<\/section>\r\n\r\n\r\n<section class=\"landing-section section-half-height bg-light\">\r\n  \r\n <article class=\"grid grid-third section-half-height bg-light vc reveal\">\r\n  <h3>ENTAGGED N1<\/h3>\r\n  <p>Kompatibel mit Nikon: \r\nD200, D300, D300s, D500, D700, D800\/D800E, D810\/D810A, D850, D2Hs, D2X, D2Xs, D3, D3X, D3s, D4, D4s, D5, D6<\/p>\r\n <\/article>\r\n<div class=\"grid grid-third bg-image section-half-height\" style=\"background-image: url('\/wp-content\/uploads\/N1-BG238-1600x480.jpg');\">\r\n <\/div>\r\n\r\n<div class=\"grid grid-third bg-image section-half-height\" style=\"background-image: url('\/wp-content\/uploads\/N1-cable-BG238-1600x480.jpg');\">\r\n <\/div>\r\n\r\n<\/section>\r\n\r\n<section class=\"landing-section section-half-height bg-light\">\r\n  \r\n <article class=\"grid grid-third section-half-height bg-light vc reveal\">\r\n  <h3>ENTAGGED N2<\/h3>\r\n  <p>Kompatibel mit Nikon: \r\nZ5, Z6, Z7, Z6II, Z7II, D600, D610, D750, D780, Df, D5000, D5100, D5200, D5300, D5500, D5600, D90, D7000, D7100, D7200, D7500<\/p>\r\n <\/article>\r\n<div class=\"grid grid-third bg-image section-half-height\" style=\"background-image: url('\/wp-content\/uploads\/N1-BG238-1600x480.jpg');\">\r\n <\/div>\r\n<div class=\"grid grid-third bg-image section-half-height\" style=\"background-image: url('\/wp-content\/uploads\/N2-cable-BG238-1600x480.jpg');\">\r\n <\/div>\r\n\r\n<\/section>\r\n\r\n<section class=\"landing-section section-full-height landing-section--light bg-light landing-section__tiles\">\r\n\r\n    <h3 class=\"landing-section__title reveal\">Testimonials<\/h3>\r\n\r\n  \r\n\t\t\t<div class=\"testimonials__wrapper\">\n\t\t\t\t\r\n\r\n    \t\t\t<blockquote class=\"testimonials__card\">\n\t\t\t\t<p class=\"testimonials__card__body\">\n\t\t\t\t\t\r\n    \u201cIch kann mit Sicherheit sagen, dass es ohne das Entagged mein Business nicht mehr geben w\u00fcrde.\u201d \r\n    \t\t\t\t\t<i class=\"fas fa-quote-right quote\"><\/i>\n\t\t\t\t<\/p>\n\t\t\t\t<footer class=\"testimonials__card__footer\">\n\t\t\t\t\t\t\t\t\t\t<p class=\"testimonials__card__author\">\n\t\t\t\t\t\tPaul Darbyshire\t\t\t\t\t\t\t<small class='testimonials__card__author__subtitle'>\n\t\t\t\t\t\t\t\tDarby Photos, Canada\t\t\t\t\t\t\t<\/small>\n\t\t\t\t\t\t\t\t\t\t\t<\/p>\n\t\t\t\t<\/footer>\n\t\t\t<\/blockquote>\n\t\t\t\r\n\r\n\r\n    \t\t\t<blockquote class=\"testimonials__card\">\n\t\t\t\t<p class=\"testimonials__card__body\">\n\t\t\t\t\t\r\n    \u201cDas Entagged spart im durchschnittlichen Shoot 30 Minuten. F\u00fcr gr\u00f6\u00dfere Events sogar mehr. Und wie wir alle wissen: Zeit ist Geld!\u201d \r\n    \t\t\t\t\t<i class=\"fas fa-quote-right quote\"><\/i>\n\t\t\t\t<\/p>\n\t\t\t\t<footer class=\"testimonials__card__footer\">\n\t\t\t\t\t\t\t\t\t\t<p class=\"testimonials__card__author\">\n\t\t\t\t\t\tChris Wunder\t\t\t\t\t\t\t<small class='testimonials__card__author__subtitle'>\n\t\t\t\t\t\t\t\tPortrait EFX, USA\t\t\t\t\t\t\t<\/small>\n\t\t\t\t\t\t\t\t\t\t\t<\/p>\n\t\t\t\t<\/footer>\n\t\t\t<\/blockquote>\n\t\t\t\r\n\r\n\r\n    \t\t\t<blockquote class=\"testimonials__card\">\n\t\t\t\t<p class=\"testimonials__card__body\">\n\t\t\t\t\t\r\n    \u201cDas Entagged ist der wertvollste Kauf, den wir je gemacht haben.\u201d \r\n    \t\t\t\t\t<i class=\"fas fa-quote-right quote\"><\/i>\n\t\t\t\t<\/p>\n\t\t\t\t<footer class=\"testimonials__card__footer\">\n\t\t\t\t\t\t\t\t\t\t<p class=\"testimonials__card__author\">\n\t\t\t\t\t\tSam Boarer\t\t\t\t\t\t\t<small class='testimonials__card__author__subtitle'>\n\t\t\t\t\t\t\t\tWhite Rose Trading CIC, UK\t\t\t\t\t\t\t<\/small>\n\t\t\t\t\t\t\t\t\t\t\t<\/p>\n\t\t\t\t<\/footer>\n\t\t\t<\/blockquote>\n\t\t\t\r\n\r\n\t\t\t<\/div>\n\t\t\t\r\n\r\n<\/section>\r\n\r\n\r\n<section class=\"landing-section section-full-height bg-light\">\r\n\r\n <div class=\"grid grid-half bg-image section-full-height bg-light\" style=\"background-image: url('\/wp-content\/uploads\/35_Camera-Entagged-iPhone-Buy-Now.jpg'); \r\n\tbackground-position: right center;\">\r\n <\/div>\r\n\r\n <article class=\"grid grid-half section-full-height bg-light vc reveal\">\r\n  <h3>Jetzt kaufen um Zeit und Geld zu sparen.<\/h3>\r\n  <p>Automatisieren Sie den Fotografie Prozess. Holen Sie sich das ENTAGGED und verkn\u00fcpfen Sie Kunden oder Produkte mit deren Fotos, so einfach wie es nur geht.<\/p>\r\n <p>Wir bieten eine 30 Tage Geld-zur\u00fcck-Garantie an.<\/p>\r\n  <p class=\"buy-button\"><a href=\"https:\/\/shop.gotphoto.com\/products\/entagged\">Jetzt kaufen<\/a><\/p>\r\n <\/article>\r\n\r\n<\/section>","protected":false},"excerpt":{"rendered":"\u00a0 Wir freuen uns sehr, bekanntzugeben, dass das Entagged von Fotograf.de, der f\u00fchrenden End-to-End-Workflow- und E-Commerce-L\u00f6sung f\u00fcr Fotografen, \u00fcbernommen wurde. Mit dieser \u00dcbernahme beginnt ein spannendes neues Kapitel f\u00fcr uns, da wir unsere Kr\u00e4fte b\u00fcndeln, um unseren Kunden ein noch besseres Erlebnis mit neuen Funktionen und verbessertem Support zu bieten. Erfahre mehr \u00fcber die \u00dcbernahme [&hellip;]","protected":false},"author":1,"featured_media":0,"parent":11664,"menu_order":1,"comment_status":"closed","ping_status":"closed","template":"template-fullwidth.php","meta":{"footnotes":""},"yoast_head":"<!-- This site is optimized with the Yoast SEO plugin v22.8 - https:\/\/yoast.com\/wordpress\/plugins\/seo\/ -->\n<title>Design - foolography<\/title>\n<meta name=\"robots\" content=\"index, follow, max-snippet:-1, max-image-preview:large, max-video-preview:-1\" \/>\n<link rel=\"canonical\" href=\"https:\/\/staging.foolography.com\/products\/entagged\/design\/\" \/>\n<meta property=\"og:locale\" content=\"de_DE\" \/>\n<meta property=\"og:type\" content=\"article\" \/>\n<meta property=\"og:title\" content=\"Design - foolography\" \/>\n<meta property=\"og:description\" content=\"\u00a0 Wir freuen uns sehr, bekanntzugeben, dass das Entagged von Fotograf.de, der f\u00fchrenden End-to-End-Workflow- und E-Commerce-L\u00f6sung f\u00fcr Fotografen, \u00fcbernommen wurde. Mit dieser \u00dcbernahme beginnt ein spannendes neues Kapitel f\u00fcr uns, da wir unsere Kr\u00e4fte b\u00fcndeln, um unseren Kunden ein noch besseres Erlebnis mit neuen Funktionen und verbessertem Support zu bieten. Erfahre mehr \u00fcber die \u00dcbernahme [&hellip;]\" \/>\n<meta property=\"og:url\" content=\"https:\/\/staging.foolography.com\/products\/entagged\/design\/\" \/>\n<meta property=\"og:site_name\" content=\"foolography\" \/>\n<meta property=\"article:publisher\" content=\"https:\/\/facebook.com\/foolography\" \/>\n<meta property=\"article:modified_time\" content=\"2024-10-09T12:13:26+00:00\" \/>\n<meta name=\"twitter:card\" content=\"summary_large_image\" \/>\n<meta name=\"twitter:site\" content=\"@foolography\" \/>\n<meta name=\"twitter:label1\" content=\"Est. reading time\" \/>\n\t<meta name=\"twitter:data1\" content=\"4 Minuten\" \/>\n<!-- \/ Yoast SEO plugin. -->","yoast_head_json":{"title":"Design - foolography","robots":{"index":"index","follow":"follow","max-snippet":"max-snippet:-1","max-image-preview":"max-image-preview:large","max-video-preview":"max-video-preview:-1"},"canonical":"https:\/\/staging.foolography.com\/products\/entagged\/design\/","og_locale":"de_DE","og_type":"article","og_title":"Design - foolography","og_description":"\u00a0 Wir freuen uns sehr, bekanntzugeben, dass das Entagged von Fotograf.de, der f\u00fchrenden End-to-End-Workflow- und E-Commerce-L\u00f6sung f\u00fcr Fotografen, \u00fcbernommen wurde. Mit dieser \u00dcbernahme beginnt ein spannendes neues Kapitel f\u00fcr uns, da wir unsere Kr\u00e4fte b\u00fcndeln, um unseren Kunden ein noch besseres Erlebnis mit neuen Funktionen und verbessertem Support zu bieten. Erfahre mehr \u00fcber die \u00dcbernahme [&hellip;]","og_url":"https:\/\/staging.foolography.com\/products\/entagged\/design\/","og_site_name":"foolography","article_publisher":"https:\/\/facebook.com\/foolography","article_modified_time":"2024-10-09T12:13:26+00:00","twitter_card":"summary_large_image","twitter_site":"@foolography","twitter_misc":{"Est. reading time":"4 Minuten"},"schema":{"@context":"https:\/\/schema.org","@graph":[{"@type":"WebPage","@id":"https:\/\/staging.foolography.com\/products\/entagged\/design\/","url":"https:\/\/staging.foolography.com\/products\/entagged\/design\/","name":"Design - foolography","isPartOf":{"@id":"https:\/\/staging.foolography.com\/#website"},"datePublished":"2019-09-19T10:22:47+00:00","dateModified":"2024-10-09T12:13:26+00:00","breadcrumb":{"@id":"https:\/\/staging.foolography.com\/products\/entagged\/design\/#breadcrumb"},"inLanguage":"de-DE","potentialAction":[{"@type":"ReadAction","target":["https:\/\/staging.foolography.com\/products\/entagged\/design\/"]}]},{"@type":"BreadcrumbList","@id":"https:\/\/staging.foolography.com\/products\/entagged\/design\/#breadcrumb","itemListElement":[{"@type":"ListItem","position":1,"name":"Home","item":"https:\/\/staging.foolography.com\/de\/"},{"@type":"ListItem","position":2,"name":"Produkte","item":"https:\/\/staging.foolography.com\/de\/produkte\/"},{"@type":"ListItem","position":3,"name":"ENTAGGED","item":"https:\/\/staging.foolography.com\/products\/entagged\/"},{"@type":"ListItem","position":4,"name":"Design"}]},{"@type":"WebSite","@id":"https:\/\/staging.foolography.com\/#website","url":"https:\/\/staging.foolography.com\/","name":"foolography","description":"Smartes Kamerazubeh\u00f6r","potentialAction":[{"@type":"SearchAction","target":{"@type":"EntryPoint","urlTemplate":"https:\/\/staging.foolography.com\/?s={search_term_string}"},"query-input":"required name=search_term_string"}],"inLanguage":"de-DE"}]}},"_links":{"self":[{"href":"https:\/\/staging.foolography.com\/de\/wp-json\/wp\/v2\/pages\/11701"}],"collection":[{"href":"https:\/\/staging.foolography.com\/de\/wp-json\/wp\/v2\/pages"}],"about":[{"href":"https:\/\/staging.foolography.com\/de\/wp-json\/wp\/v2\/types\/page"}],"author":[{"embeddable":true,"href":"https:\/\/staging.foolography.com\/de\/wp-json\/wp\/v2\/users\/1"}],"replies":[{"embeddable":true,"href":"https:\/\/staging.foolography.com\/de\/wp-json\/wp\/v2\/comments?post=11701"}],"version-history":[{"count":18,"href":"https:\/\/staging.foolography.com\/de\/wp-json\/wp\/v2\/pages\/11701\/revisions"}],"predecessor-version":[{"id":69309,"href":"https:\/\/staging.foolography.com\/de\/wp-json\/wp\/v2\/pages\/11701\/revisions\/69309"}],"up":[{"embeddable":true,"href":"https:\/\/staging.foolography.com\/de\/wp-json\/wp\/v2\/pages\/11664"}],"wp:attachment":[{"href":"https:\/\/staging.foolography.com\/de\/wp-json\/wp\/v2\/media?parent=11701"}],"curies":[{"name":"wp","href":"https:\/\/api.w.org\/{rel}","templated":true}]}}