{"id":11702,"date":"2019-09-19T12:23:22","date_gmt":"2019-09-19T10:23:22","guid":{"rendered":"http:\/\/staging.foolography.com\/produkte\/entagged\/technologie\/"},"modified":"2024-10-09T14:15:07","modified_gmt":"2024-10-09T12:15:07","slug":"technologie","status":"publish","type":"page","link":"https:\/\/staging.foolography.com\/de\/produkte\/entagged\/technologie\/","title":{"rendered":"Technologie"},"content":{"rendered":"<section class=\"landing-section section-half-height\">\r\n <article class=\"grid grid-full section-half-height vc reveal\">\r\n   <h3>\u00a0<\/h3>\r\n   <p><img decoding=\"async\" src=\"\/wp-content\/uploads\/ENTAGGED-GOTPHOTO.svg\" alt=\"ENTAGGED - GOTPHOTO\" class=\"size-large\" \/><\/p>\r\n   <p>Wir freuen uns sehr, bekanntzugeben, dass das Entagged von Fotograf.de, der f\u00fchrenden End-to-End-Workflow- und E-Commerce-L\u00f6sung f\u00fcr Fotografen, \u00fcbernommen wurde. Mit dieser \u00dcbernahme beginnt ein spannendes neues Kapitel f\u00fcr uns, da wir unsere Kr\u00e4fte b\u00fcndeln, um unseren Kunden ein noch besseres Erlebnis mit neuen Funktionen und verbessertem Support zu bieten.<\/p>\r\n  <p><a href=\"\/de\/2024\/08\/14\/fotograf-de-uebernimmt-entagged\/\" class=\"learn-more\">Erfahre mehr \u00fcber die \u00dcbernahme<\/a><\/p>\r\n <\/article>\r\n<\/section>\r\n\r\n<section class=\"section-splash section-full-height\">\r\n <article class=\"grid-full section-full-height header vc \">\r\n  <h1>SMARTE TECHNOLOGIE F\u00dcR SMARTE UNTERNEHMEN.<\/h1>\r\n <\/article>\r\n\r\n <div class=\"grid grid-full bg-image-cover section-full-height\" style=\"background-image: url('\/wp-content\/uploads\/36_Mona-L-Technology-Background.jpg'); background-position: center bottom;\">\r\n <\/div>\r\n<\/section>\r\n\r\n\r\n\r\n<section  class=\"landing-section section-half-height bg-light\">\r\n <article class=\"grid grid-full section-half-height bg-light vc reveal\">\r\n\r\n<p class=\"large\">Fotos mit Barcodes zu taggen ist schon seit Jahren eine verbreitete Methode in der Massenfotografie. Sowohl Kamera als auch Scanner per USB mit einem Rechner zu verbinden mag funktioniert haben, aber es ist nicht die Art und Weise, wie Fotografen heutzutage arbeiten. Kabelgebundene L\u00f6sungen von Fujifilm wurden bereits vor 10 Jahren abgek\u00fcndigt. QR-Codes abzufotografieren ist fehleranf\u00e4llig und bedeutet st\u00e4ndiges Wechseln der Bildkomposition und neues Fokussieren nach jeder Aufnahme. Und dann gibt es angeblich noch Fotografen, die Dateinamen per Hand aufschreiben&#8230;<\/p>\r\n<p class=\"large\">Das ENTAGGED wurde entwickelt, alle Alternativen zu \u00fcbertreffen &#8211; und das so einfach wie m\u00f6glich. Das winzige Bluetooth Modul, an eine Canon oder Nikon DSLR gesteckt, erlaubt drahtloses Barcode, QR-Code und RFID taggen &#8211; direkt in der Kamera. Entweder mit unserer Smartphone App oder einem Scanner.<\/p>\r\n <\/article>\r\n\r\n<\/section>\r\n\r\n\r\n<section class=\"landing-section section-half-height bg-light\">\r\n  <article class=\"grid grid-third section-half-height bg-light\">\r\n  <img decoding=\"async\" src=\"\/wp-content\/uploads\/37-BE-icon-plugnplay.svg\" alt=\"37-BE-icon-plugnplay\" class=\"aligncenter size-full wp-image-2647\" \/>\r\n  <h3 class=\"reveal\">Plug&#8217;n&#8217;Play.<\/h3>\r\n  <p class=\"reveal-70\">Das ENTAGGED funktioniert mit Ihrer Kamera im Originalzustand. Wir unterst\u00fctzen 28 Canon und 35 Nikon DSLRs. Kein Firmware Update der Kamera ist n\u00f6tig. Einfach die ENTAGGED App starten, das ENTAGGED Bluetooth Modul einstecken und los geht&#8217;s. Erstes Koppeln und Einrichten dauert Sekunden, ab dann wird die Verbindung automatisch hergestellt sobald die Kamera eingeschaltet wird.<\/p>\r\n <\/article>\r\n\r\n <article class=\"grid grid-third section-half-height bg-light\">\r\n  <img decoding=\"async\" src=\"\/wp-content\/uploads\/38-BE-icon-exif.svg\" alt=\"38-BE-icon-exif\" class=\"aligncenter size-full wp-image-2645\" \/>\r\n  <h3 class=\"reveal\">Direktes Einbetten.<\/h3>\r\n  <p class=\"reveal-70\">Die Barcode Daten werden sofort in the EXIF Daten der Fotos geschrieben, sobald man den Ausl\u00f6ser dr\u00fcckt. Das ENTAGGED \u00e4ndert die Kommentar- oder Copyright-Einstellungen der Kamera, die ab dann zu 100% in jedes Foto geschrieben werden. Um sich davon zu \u00fcberzeugen, kann man dies auch nochmal in der Kamera gegenpr\u00fcfen.<\/p>\r\n <\/article>\r\n\r\n <article class=\"grid grid-third section-half-height bg-light\">\r\n  <img decoding=\"async\" src=\"\/wp-content\/uploads\/39-BE-icon-bluetooth.svg\" alt=\"39-BE-icon-bluetooth\" class=\"aligncenter size-full wp-image-2646\" \/>\r\n  <h3 class=\"reveal\">Zuverl\u00e4ssige Verbindung.<\/h3>\r\n  <p class=\"reveal-70\">Das ENTAGGED Modul an der Kamera und die App oder der Scanner sind mit Bluetooth Low Energy verbunden. Genie\u00dfen Sie eine zuverl\u00e4ssige Verbindung ohne die Nachteile eines Kabels, sodass Sie sich auf&#8217;s Fotografieren konzentrieren k\u00f6nnen.<\/p>\r\n <\/article>\r\n<\/section>\r\n\r\n\r\n<!-- \r\n<section class=\"landing-section section-full-height bg-light\">\r\n\r\n <div class=\"bg-image grid grid-full section-full-height bg-light\" style=\"background-image: url('\/wp-content\/uploads\/BE-labelled-light.svg'); background-position: center center;\">\r\n<\/div>\r\n<\/section>\r\n-->\r\n\r\n\r\n\r\n<section class=\"landing-section section-full-height bg-light\">\r\n\r\n <div class=\"grid grid-half bg-image section-full-height\" style=\"background-image: url('\/wp-content\/uploads\/C1-N1-BG238-1600x960.jpg');\">\r\n <\/div>\r\n\r\n<article class=\"grid grid-half section-full-height bg-light vc\">\r\n\r\n  <h2 class=\"reveal\">ENTAGGED: Das Bluetooth Modul.<\/h2>\r\n  <h4 class=\"reveal\">Die richtige Wahl f\u00fcr Canon und Nikon.<\/h4>\r\n  <p class=\"reveal-70\">Das ENTAGGED kommt in vier Modellen, mit den richtigen Steckern f\u00fcr die jeweiligen Kameras. F\u00fcr Nikon Kameras gibt es ein zus\u00e4tzliches kurzes Kabel, damit wir per USB ins Kommentarfeld schreiben k\u00f6nnen. Wir haben die propriet\u00e4ren USB Protokolle reverse-engineert bis ins letzte Detail und k\u00f6nnen Funktionen freischalten, ohne in die Firmware der Kamera eingreifen zu m\u00fcssen.<\/p>\r\n\r\n  <h4 class=\"reveal\">Eigenschaften des ENTAGGED.<\/h4>\r\n  <ol class=\"reveal-70\">\r\n   <li>Blitzschuh bleibt frei.<\/li>\r\n   <li>Zuverl\u00e4ssige Bluetooth Low Energy Verbindung.<\/li>\r\n   <li>Schnelle, automatische Wiederverbindung wenn eingeschaltet.<\/li>\r\n   <li>In-Kamera Barcode-tagging: gespeichert im Kommentar- oder Copyright-Feld.<\/li>\r\n   <li>Alle Fotos getaggt bis zum n\u00e4chsten Scan.<\/li>\r\n   <li>Kein Laden n\u00f6tig, minimaler Stromverbrauch der Kamera.<\/li>\r\n  <\/ol>\r\n\r\n <\/article>\r\n\r\n<\/section>\r\n\r\n\r\n\r\n<section class=\"landing-section section-full-height bg-light\">\r\n<article class=\"grid grid-half section-full-height bg-light vc\">\r\n\r\n  <h2 class=\"reveal\">ENTAGGED: Die App.<\/h2>\r\n  <h4 class=\"reveal\">Native iOS und Android Apps, Kamera basierte Scan-engine<\/h4>\r\n  <p class=\"reveal-70\">Die Apps sind nativ programmiert f\u00fcr iOS und Android und nutzen von Apple und Google perfektionierte Bilderkennung, um Barcodes und QR-Codes schnell und sicher mit der Smartphone-Kamera zu scannen. So kann die App jede Oberfl\u00e4che scannen, egal ob gedruckt oder von Smartphone\/Tablet Displays.<\/p>\r\n\r\n  <h4 class=\"reveal\">Sofortige Best\u00e4tigung.<\/h4>\r\n  <p class=\"reveal-70\">Die App zeigt sofort an, ob ein Scan erfolgreich war und wird unverkennbar best\u00e4tigen wenn der Code korrekt in die Kamera geschrieben und wieder ausgelesen wurde. So kann man 100% sicher sein, dass die Codes auch wirklich in jedem folgenden Foto gespeichert werden. Ebenso eindeutig wird eine Warnung angezeigt, falls es doch mal ein Problem geben sollte. So kann man dieses beheben bevor man das Foto aufnimmt. Dies eliminiert verhasste Probleme in der Nachbearbeitung, wo Fehler erst erkannt werden, wenn es zu sp\u00e4t ist. <\/p>\r\n\r\n  <h4 class=\"reveal\">Einfaches Konfigurieren, Super Backup und immer Aktuell.<\/h4>\r\n  <p class=\"reveal-70\">Wenn Sie lieber einen dedizierten Bluetooth Barcode Scanner nutzen m\u00f6chten, kann dieser \u00fcber die App ganz einfach mit dem ENTAGGED gekoppelt werden. Danach wird die App nicht mehr ben\u00f6tigt, kann jedoch immer noch als Backup benutzt werden. Firmware Updates werden \u00fcber die App verteilt und per Bluetooth installiert. So bleiben Sie immer aktuell was Bugfixes oder neue Funktionen angeht.<\/p>\r\n <\/article>\r\n\r\n <div class=\"grid grid-half bg-image section-full-height\" style=\"background-image: url('\/wp-content\/uploads\/iphone-entagged-BG238-1600x960.jpg');\">\r\n <\/div>\r\n\r\n<\/section>\r\n\r\n\r\n\r\n<section class=\"landing-section section-full-height bg-light\">\r\n <div class=\"grid grid-half bg-image section-full-height bg-light\" style=\"background-image: url('\/wp-content\/uploads\/45_Scanner-White-Background.jpg');\">\r\n <\/div>\r\n\r\n<article class=\"grid grid-half section-full-height bg-light vc\">\r\n\r\n  <h3 class=\"reveal\">Barcodes. Viele Sorten. Viele Nutzungsarten.<\/h3>\r\n   <h4 class=\"reveal\">Unterst\u00fctzt numerische und alphanumerische Barcodes.<\/h4>\r\n  <p class=\"reveal-70\">Das ENTAGGED funktioniert mit fast allen Barcodes. Sie k\u00f6nnen einfach ein System weiterverwenden, das bereits existiert &#8211; z.B. Eintrittstickets mit einem Ticketbarcode, oder EAN-Barcodes von Produkten. Oder Sie k\u00f6nnen Ihr eigenes System aufbauen &#8211; das ENTAGGED passt sich Ihren Anforderungen an.<\/p>\r\n  <h4 class=\"reveal\">Unterst\u00fctzt 1D, 2D, RFID.<\/h4>\r\n  <p class=\"reveal-70\">Die ENTAGGED App scannt 1D Barcodes und 2D (QR-) Codes. Es gibt kompatible Bluetooth Scanner f\u00fcr 1D, 2D Codes, sowie f\u00fcr RFID Tags. Suchen Sie aus, was f\u00fcr Ihren Anwendungsfall am besten passt.<\/p>\r\n <!-- <h4 class=\"reveal\">Unterst\u00fctzt mehrere Barcodes.<\/h4>\r\n  <p class=\"reveal-70\">Bei Familien- oder Gruppenfotos m\u00f6chte man manchmal mehrere Einzelpersonen mit dem Foto verkn\u00fcpfen, statt nur einem Gruppencode. Daf\u00fcr l\u00e4sst Sie das ENTAGGED mehrere Barcodes scannen die alle in den Metadatan eines Fotos gespeichert werden.<\/p>\r\n-->\r\n  <p><a href=\"..\/kompatibilitaet\/#scanners\" class=\"learn-more\">Mehr \u00fcber kompatible Scanner erfahren<\/a><\/p>\r\n <\/article>\r\n\r\n<\/section>\r\n\r\n\r\n<section class=\"landing-section section-full-height bg-light\">\r\n <article class=\"grid grid-half section-full-height bg-light vc reveal\">\r\n\r\n  <h3>Software unabh\u00e4ngig. Kompatibel mit vielen, integrierbar mit Ihrer.<\/h3>\r\n  <p>Das ENTAGGED speichert Barcodes in die EXIF Daten der Fotos. So kann die Information nie verloren gehen wenn man die Bilder zwischen Kamera, Rechner, Festplatten und verschiedener Software transferiert. Es nutzt Standard Felder (Nikon: Kommentar-Feld, Canon: Copyright-Feld), sodass es direkt kompatibel mit beliebter Workflow Software sowie Onlinediensten von Drittanbietern ist. Zudem ist es einfach, in Ihrer eigenen Software\/Webseite Unterst\u00fctzung f\u00fcr das ENTAGGED zu integrieren. Wir schicken Ihnen gerne Entwicklerdetails.<\/p>\r\n  <p><a href=\"..\/kompatibilitaet\/#software\" class=\"learn-more\">Mehr \u00fcber kompatible Software erfahren<\/a><\/p>\r\n <\/article>\r\n \r\n <div class=\"grid grid-half bg-image section-full-height\" style=\"background-image: url('\/wp-content\/uploads\/46-sourcecode-fade.png'); background-position: left center\">\r\n <\/div>\r\n\r\n<\/section>\r\n\r\n\r\n\r\n<section id=\"quality\" class=\"landing-section section-full-height bg-light\">\r\n <div class=\"grid grid-half bg-image section-full-height\" style=\"background-image: url('\/wp-content\/uploads\/map-madeingermany.svg'); \">\r\n <\/div>\r\n\r\n <article class=\"grid grid-half section-full-height bg-light vc reveal\">\r\n  <h3>Wir machen Qualit\u00e4t zum Feature.<\/h3>\r\n  <p>Als Unternehmen sind strategische Investitionen essentiell. Als Fotograf ist das richte Equipment f\u00fcr den Lebensunterhalt verantwortlich. Wir von Foolography verstehen beides und produzieren Produkte mit hoher Qualit\u00e4t, die sich innerhalb k\u00fcrzester Zeit bezahlt machen und so lange halten, dass sie die Erwartungen unserer Kunden \u00fcbertreffen. Alle ENTAGGEDs sind komplette &#8218;Made in Germany&#8216; &#8211; haupts\u00e4chlich hier in Berlin, wo auch unser Hauptsitz ist. Vor dem Versand wird jedes ENTAGGED mehrfach getestet und die Qualit\u00e4t gepr\u00fcft. Wir sind sicher dass das ENTAGGED sowohl mit seiner Funktion, wie auch der Produktionsqualit\u00e4t beeindruckt.<\/p>\r\n <\/article>\r\n\r\n<\/section>\r\n\r\n<section class=\"landing-section section-full-height landing-section--light bg-light landing-section__tiles\">\r\n\r\n    <h3 class=\"landing-section__title reveal\">Testimonials<\/h3>\r\n\r\n  \r\n\t\t\t<div class=\"testimonials__wrapper\">\n\t\t\t\t\r\n\r\n    \t\t\t<blockquote class=\"testimonials__card\">\n\t\t\t\t<p class=\"testimonials__card__body\">\n\t\t\t\t\t\r\n    \u201cIch kann mit Sicherheit sagen, dass es ohne das Entagged mein Business nicht mehr geben w\u00fcrde.\u201d \r\n    \t\t\t\t\t<i class=\"fas fa-quote-right quote\"><\/i>\n\t\t\t\t<\/p>\n\t\t\t\t<footer class=\"testimonials__card__footer\">\n\t\t\t\t\t\t\t\t\t\t<p class=\"testimonials__card__author\">\n\t\t\t\t\t\tPaul Darbyshire\t\t\t\t\t\t\t<small class='testimonials__card__author__subtitle'>\n\t\t\t\t\t\t\t\tDarby Photos, Canada\t\t\t\t\t\t\t<\/small>\n\t\t\t\t\t\t\t\t\t\t\t<\/p>\n\t\t\t\t<\/footer>\n\t\t\t<\/blockquote>\n\t\t\t\r\n\r\n    \t\t\t<blockquote class=\"testimonials__card\">\n\t\t\t\t<p class=\"testimonials__card__body\">\n\t\t\t\t\t\r\n    \u201cDas Entagged spart im durchschnittlichen Shoot 30 Minuten. F\u00fcr gr\u00f6\u00dfere Events sogar mehr. Und wie wir alle wissen: Zeit ist Geld!\u201d \r\n    \t\t\t\t\t<i class=\"fas fa-quote-right quote\"><\/i>\n\t\t\t\t<\/p>\n\t\t\t\t<footer class=\"testimonials__card__footer\">\n\t\t\t\t\t\t\t\t\t\t<p class=\"testimonials__card__author\">\n\t\t\t\t\t\tChris Wunder\t\t\t\t\t\t\t<small class='testimonials__card__author__subtitle'>\n\t\t\t\t\t\t\t\tPortrait EFX, USA\t\t\t\t\t\t\t<\/small>\n\t\t\t\t\t\t\t\t\t\t\t<\/p>\n\t\t\t\t<\/footer>\n\t\t\t<\/blockquote>\n\t\t\t\r\n\r\n    \t\t\t<blockquote class=\"testimonials__card\">\n\t\t\t\t<p class=\"testimonials__card__body\">\n\t\t\t\t\t\r\n    \u201cDas Entagged ist der wertvollste Kauf, den wir je gemacht haben.\u201d \r\n    \t\t\t\t\t<i class=\"fas fa-quote-right quote\"><\/i>\n\t\t\t\t<\/p>\n\t\t\t\t<footer class=\"testimonials__card__footer\">\n\t\t\t\t\t\t\t\t\t\t<p class=\"testimonials__card__author\">\n\t\t\t\t\t\tSam Boarer\t\t\t\t\t\t\t<small class='testimonials__card__author__subtitle'>\n\t\t\t\t\t\t\t\tWhite Rose Trading CIC, UK\t\t\t\t\t\t\t<\/small>\n\t\t\t\t\t\t\t\t\t\t\t<\/p>\n\t\t\t\t<\/footer>\n\t\t\t<\/blockquote>\n\t\t\t\r\n\r\n\r\n\t\t\t<\/div>\n\t\t\t\r\n\r\n<\/section>\r\n\r\n\r\n<section class=\"landing-section section-full-height bg-light\">\r\n\r\n <div class=\"grid grid-half bg-image section-full-height bg-light\" style=\"background-image: url('\/wp-content\/uploads\/35_Camera-Entagged-iPhone-Buy-Now.jpg'); \r\n\tbackground-position: right center;\">\r\n <\/div>\r\n\r\n <article class=\"grid grid-half section-full-height bg-light vc reveal\">\r\n  <h3>Jetzt kaufen um Zeit und Geld zu sparen.<\/h3>\r\n  <p>Automatisieren Sie den Fotografie Prozess. Holen Sie sich das ENTAGGED und verkn\u00fcpfen Sie Kunden oder Produkte mit deren Fotos, so einfach wie es nur geht.<\/p>\r\n <p>Wir bieten eine 30 Tage Geld-zur\u00fcck-Garantie an.<\/a><\/p>\r\n  <p class=\"buy-button\"><a href=\"https:\/\/shop.gotphoto.com\/products\/entagged\">Jetzt kaufen<\/a><\/p>\r\n <\/article>\r\n\r\n<\/section>","protected":false},"excerpt":{"rendered":"\u00a0 Wir freuen uns sehr, bekanntzugeben, dass das Entagged von Fotograf.de, der f\u00fchrenden End-to-End-Workflow- und E-Commerce-L\u00f6sung f\u00fcr Fotografen, \u00fcbernommen wurde. Mit dieser \u00dcbernahme beginnt ein spannendes neues Kapitel f\u00fcr uns, da wir unsere Kr\u00e4fte b\u00fcndeln, um unseren Kunden ein noch besseres Erlebnis mit neuen Funktionen und verbessertem Support zu bieten. Erfahre mehr \u00fcber die \u00dcbernahme [&hellip;]","protected":false},"author":1,"featured_media":0,"parent":11664,"menu_order":2,"comment_status":"closed","ping_status":"closed","template":"template-fullwidth.php","meta":{"footnotes":""},"yoast_head":"<!-- This site is optimized with the Yoast SEO plugin v22.8 - https:\/\/yoast.com\/wordpress\/plugins\/seo\/ -->\n<title>Foolography ENTAGGED Technologie - Barcode Tagging per Bluetooth<\/title>\n<meta name=\"description\" content=\"Das winzige Bluetooth Modul an einer Canon oder Nikon DSLR gesteckt erlaubt drahtloses Barcode, QR-Code und RFID taggen - direkt in der Kamera.\" \/>\n<meta name=\"robots\" content=\"index, follow, max-snippet:-1, max-image-preview:large, max-video-preview:-1\" \/>\n<link rel=\"canonical\" href=\"https:\/\/staging.foolography.com\/products\/entagged\/technology\/\" \/>\n<meta property=\"og:locale\" content=\"de_DE\" \/>\n<meta property=\"og:type\" content=\"article\" \/>\n<meta property=\"og:title\" content=\"Foolography ENTAGGED Technologie - Barcode Tagging per Bluetooth\" \/>\n<meta property=\"og:description\" content=\"Das winzige Bluetooth Modul an einer Canon oder Nikon DSLR gesteckt erlaubt drahtloses Barcode, QR-Code und RFID taggen - direkt in der Kamera.\" \/>\n<meta property=\"og:url\" content=\"https:\/\/staging.foolography.com\/products\/entagged\/technology\/\" \/>\n<meta property=\"og:site_name\" content=\"foolography\" \/>\n<meta property=\"article:publisher\" content=\"https:\/\/facebook.com\/foolography\" \/>\n<meta property=\"article:modified_time\" content=\"2024-10-09T12:15:07+00:00\" \/>\n<meta name=\"twitter:card\" content=\"summary_large_image\" \/>\n<meta name=\"twitter:site\" content=\"@foolography\" \/>\n<meta name=\"twitter:label1\" content=\"Est. reading time\" \/>\n\t<meta name=\"twitter:data1\" content=\"5 Minuten\" \/>\n<!-- \/ Yoast SEO plugin. -->","yoast_head_json":{"title":"Foolography ENTAGGED Technologie - Barcode Tagging per Bluetooth","description":"Das winzige Bluetooth Modul an einer Canon oder Nikon DSLR gesteckt erlaubt drahtloses Barcode, QR-Code und RFID taggen - direkt in der Kamera.","robots":{"index":"index","follow":"follow","max-snippet":"max-snippet:-1","max-image-preview":"max-image-preview:large","max-video-preview":"max-video-preview:-1"},"canonical":"https:\/\/staging.foolography.com\/products\/entagged\/technology\/","og_locale":"de_DE","og_type":"article","og_title":"Foolography ENTAGGED Technologie - Barcode Tagging per Bluetooth","og_description":"Das winzige Bluetooth Modul an einer Canon oder Nikon DSLR gesteckt erlaubt drahtloses Barcode, QR-Code und RFID taggen - direkt in der Kamera.","og_url":"https:\/\/staging.foolography.com\/products\/entagged\/technology\/","og_site_name":"foolography","article_publisher":"https:\/\/facebook.com\/foolography","article_modified_time":"2024-10-09T12:15:07+00:00","twitter_card":"summary_large_image","twitter_site":"@foolography","twitter_misc":{"Est. reading time":"5 Minuten"},"schema":{"@context":"https:\/\/schema.org","@graph":[{"@type":"WebPage","@id":"https:\/\/staging.foolography.com\/products\/entagged\/technology\/","url":"https:\/\/staging.foolography.com\/products\/entagged\/technology\/","name":"Foolography ENTAGGED Technologie - Barcode Tagging per Bluetooth","isPartOf":{"@id":"https:\/\/staging.foolography.com\/#website"},"datePublished":"2019-09-19T10:23:22+00:00","dateModified":"2024-10-09T12:15:07+00:00","description":"Das winzige Bluetooth Modul an einer Canon oder Nikon DSLR gesteckt erlaubt drahtloses Barcode, QR-Code und RFID taggen - direkt in der Kamera.","breadcrumb":{"@id":"https:\/\/staging.foolography.com\/products\/entagged\/technology\/#breadcrumb"},"inLanguage":"de-DE","potentialAction":[{"@type":"ReadAction","target":["https:\/\/staging.foolography.com\/products\/entagged\/technology\/"]}]},{"@type":"BreadcrumbList","@id":"https:\/\/staging.foolography.com\/products\/entagged\/technology\/#breadcrumb","itemListElement":[{"@type":"ListItem","position":1,"name":"Home","item":"https:\/\/staging.foolography.com\/de\/"},{"@type":"ListItem","position":2,"name":"Produkte","item":"https:\/\/staging.foolography.com\/de\/produkte\/"},{"@type":"ListItem","position":3,"name":"ENTAGGED","item":"https:\/\/staging.foolography.com\/products\/entagged\/"},{"@type":"ListItem","position":4,"name":"Technologie"}]},{"@type":"WebSite","@id":"https:\/\/staging.foolography.com\/#website","url":"https:\/\/staging.foolography.com\/","name":"foolography","description":"Smartes Kamerazubeh\u00f6r","potentialAction":[{"@type":"SearchAction","target":{"@type":"EntryPoint","urlTemplate":"https:\/\/staging.foolography.com\/?s={search_term_string}"},"query-input":"required name=search_term_string"}],"inLanguage":"de-DE"}]}},"_links":{"self":[{"href":"https:\/\/staging.foolography.com\/de\/wp-json\/wp\/v2\/pages\/11702"}],"collection":[{"href":"https:\/\/staging.foolography.com\/de\/wp-json\/wp\/v2\/pages"}],"about":[{"href":"https:\/\/staging.foolography.com\/de\/wp-json\/wp\/v2\/types\/page"}],"author":[{"embeddable":true,"href":"https:\/\/staging.foolography.com\/de\/wp-json\/wp\/v2\/users\/1"}],"replies":[{"embeddable":true,"href":"https:\/\/staging.foolography.com\/de\/wp-json\/wp\/v2\/comments?post=11702"}],"version-history":[{"count":17,"href":"https:\/\/staging.foolography.com\/de\/wp-json\/wp\/v2\/pages\/11702\/revisions"}],"predecessor-version":[{"id":69311,"href":"https:\/\/staging.foolography.com\/de\/wp-json\/wp\/v2\/pages\/11702\/revisions\/69311"}],"up":[{"embeddable":true,"href":"https:\/\/staging.foolography.com\/de\/wp-json\/wp\/v2\/pages\/11664"}],"wp:attachment":[{"href":"https:\/\/staging.foolography.com\/de\/wp-json\/wp\/v2\/media?parent=11702"}],"curies":[{"name":"wp","href":"https:\/\/api.w.org\/{rel}","templated":true}]}}