{"id":16467,"date":"2021-02-12T15:36:20","date_gmt":"2021-02-12T13:36:20","guid":{"rendered":"http:\/\/staging.foolography.com\/shipping-updates\/"},"modified":"2024-08-23T15:37:49","modified_gmt":"2024-08-23T13:37:49","slug":"versand-updates","status":"publish","type":"page","link":"https:\/\/staging.foolography.com\/de\/versand-updates\/","title":{"rendered":"Shipping Updates"},"content":{"rendered":"<h2 class=\"landing-section__title landing-section__title--gradient\">Versand Updates<\/h2>\r\n\r\n  <div style=\"display: flex; flex-direction: column; align-items: center;\">\r\n    <p style=\"margin-bottom: 5;\">Vielen Dank, dass du das Unleashed vorbestellt hast. Wir freuen uns \u00fcber jeden Kunden und sind schon jetzt gespannt, was du alles mit dem Unleashed kreieren wirst. Da uns Transparenz sehr wichtig ist, wollen wir dich mit dieser Seite bez\u00fcglich deiner Bestellung auf dem Laufenden halten. Schau gerne von Zeit zur Zeit vorbei, da wir die Infos regelm\u00e4\u00dfig aktualisieren sobald wir neue Informationen von unseren Lieferanten und Produktionspartnern bekommen.<\/p>\r\n<p>Wenn es sich bei deiner Bestellung nicht um eine Vorbestellung handelt und du auf den Versand wartest: Derzeit versenden wir Bestellungen einmal pro Woche, in der Regel in der ersten H\u00e4lfte der Woche. Wenn du also schon ein paar Tage wartest, ohne eine Versandbenachrichtigung zu erhalten, wird deine Bestellung h\u00f6chstwahrscheinlich sehr bald verschickt.<\/p>\r\n\r\n<p>Zuletzt aktualisiert: 23.08.2024<\/p>\r\n  <\/div>\r\n\r\n\r\n<div class=\"compat-list\">\r\n\r\n  <!-- Shipping Status -->\r\n  <div class=\"compat-row compat-row__head\">\r\n    <div class=\"compat-column compat-column--left compat-column__title\">\r\n      <h3>Unleashed<\/h3>\r\n    <\/div>\r\n    <div class=\"compat-column compat-column--body compat-column__title\">\r\n      <h3>Aktueller Status und voraussichtlicher Versand<\/h3>\r\n    <\/div>\r\n  <\/div>\r\n\r\n\r\n  <!-- Unleashed '18 -->\r\n  <!-- <div class=\"compat-row\">\r\n    <div class=\"compat-column compat-column--left\">\r\n      <h4> Unleashed '18 <\/h4>\r\n    <\/div>\r\n    <div class=\"compat-column compat-column--body\">\r\n      <ul>\r\n        <li>\r\n          <ul>\r\n            <li>Das Unleashed N2 ist auf Lager. Da wir unsere Unleashed '22 Produktion vorbereiten, k\u00f6nnen wir derzeit nicht absch\u00e4tzen, wann die Modelle N1, C1 und C2 wieder auf Lager sein werden.<\/li>\r\n          <\/ul>\r\n        <\/li>\r\n        <li>\r\n          <ul>\r\n            <li>Versand: innerhalb einer Woche<\/li>\r\n          <\/ul>\r\n        <\/li>\r\n      <\/ul>\r\n    <\/div>\r\n  <\/div>  -->\r\n\r\n  <!-- Unleashed '22 -->\r\n  <div class=\"compat-row\">\r\n    <div class=\"compat-column compat-column--left\">\r\n      <h4> Unleashed &#8217;22 <\/h4>\r\n    <\/div>\r\n    <div class=\"compat-column compat-column--body\">\r\n      <ul>\r\n        <li>\r\n          <ul>\r\n            <li>Die Kickstarter- und Indiegogo-Rewards wurden versandt (au\u00dfer manche mit Mini-USB, siehe unten). Wenn du den Pledge Manager nicht ausgef\u00fcllt hast, k\u00f6nnen wir dein Unleashed noch nicht versenden. Wenn du den Pledge Manager nicht mehr finden kannst: suche in deinem E-Mail-Posteingang nach support@foolography.com oder Unleashed Pledge Manager und \u00fcberpr\u00fcfe deinen Spam-Ordner. Wenn du ihn nirgends finden kannst, sende eine E-Mail an support@foolography.com und wir schicken dir den Link erneut zu. Du kannst mit unseren regelm\u00e4\u00dfigen Updates <a href=\"https:\/\/www.kickstarter.com\/projects\/foolography\/unleashed-22\/posts\" rel=\"noopener\" target=\"_blank\"><u>hier<\/u><\/a> auf dem Laufenden bleiben.\r\n<\/li>\r\n          <\/ul>\r\n        <\/li>\r\n        <li>\r\n          <ul>\r\n            <li>Versand: fertig<\/li>\r\n          <\/ul>\r\n        <\/li>\r\n      <\/ul>\r\n    <\/div>\r\n  <\/div>\r\n\r\n<!-- Mini-USB Bestellungen  -->\r\n  <div class=\"compat-row\">\r\n    <div class=\"compat-column compat-column--left\">\r\n      <h4>Mini-USB Bestellungen<\/h4>\r\n    <\/div>\r\n    <div class=\"compat-column compat-column--body\">\r\n      <ul>\r\n        <li>\r\n          <ul>\r\n            <li>Die meisten Kickstarter- und Indiegogo-Rewards wurden versandt. Wenn deine Bestellung einen Mini-USB-Stecker enth\u00e4lt (\u00fcberpr\u00fcfe deine Auftragsbest\u00e4tigung oder die Anschl\u00fcsse deiner Kamera), und du den Pledge Manager nach dem 10. November ausgef\u00fcllt hast, konnten wir deine Bestellung noch nicht versenden k\u00f6nnen, da wir noch auf die Hauptlieferung der Stecker warten. Die neuesten Informationen findest du <a href=\"https:\/\/www.indiegogo.com\/projects\/unleashed-22-timelapse-longexposure-geotagging#\/updates\/all\" rel=\"noopener\" target=\"_blank\"><u>hier<\/u><\/a>.<\/li>\r\n          <\/ul>\r\n        <\/li>\r\n        <li>\r\n          <ul>\r\n            <li> Versand: September<\/li>\r\n          <\/ul> \r\n        <\/li>\r\n      <\/ul>\r\n    <\/div>\r\n  <\/div>\r\n\r\n\r\n<br>\r\n<br>\r\n  <div style=\"display: flex; flex-direction: column; align-items: center;\">\r\n    <p style=\"margin-bottom: 2;\">Falls du noch unbeantwortete Fragen oder Feedback f\u00fcr uns hast, kontaktiere uns bitte <a href=\"https:\/\/staging.foolography.com\/de\/support-anfrage\/\">hier<\/a>.<\/p>\r\n   <p style=\"margin-bottom: 0;\">Vielen Dank f\u00fcr deine Geduld und wir freuen uns schon darauf, dass Unleashed in deinen H\u00e4nden zu sehen.<\/p>\r\n  <\/div>","protected":false},"excerpt":{"rendered":"Versand Updates Vielen Dank, dass du das Unleashed vorbestellt hast. Wir freuen uns \u00fcber jeden Kunden und sind schon jetzt gespannt, was du alles mit dem Unleashed kreieren wirst. Da uns Transparenz sehr wichtig ist, wollen wir dich mit dieser Seite bez\u00fcglich deiner Bestellung auf dem Laufenden halten. Schau gerne von Zeit zur Zeit vorbei, [&hellip;]","protected":false},"author":6,"featured_media":0,"parent":0,"menu_order":0,"comment_status":"closed","ping_status":"closed","template":"template-nosidebar.php","meta":{"footnotes":""},"yoast_head":"<!-- This site is optimized with the Yoast SEO plugin v22.8 - https:\/\/yoast.com\/wordpress\/plugins\/seo\/ -->\n<title>Shipping Updates - foolography<\/title>\n<meta name=\"robots\" content=\"index, follow, max-snippet:-1, max-image-preview:large, max-video-preview:-1\" \/>\n<link rel=\"canonical\" href=\"https:\/\/staging.foolography.com\/de\/versand-updates\/\" \/>\n<meta property=\"og:locale\" content=\"de_DE\" \/>\n<meta property=\"og:type\" content=\"article\" \/>\n<meta property=\"og:title\" content=\"Shipping Updates - foolography\" \/>\n<meta property=\"og:description\" content=\"Versand Updates Vielen Dank, dass du das Unleashed vorbestellt hast. Wir freuen uns \u00fcber jeden Kunden und sind schon jetzt gespannt, was du alles mit dem Unleashed kreieren wirst. Da uns Transparenz sehr wichtig ist, wollen wir dich mit dieser Seite bez\u00fcglich deiner Bestellung auf dem Laufenden halten. Schau gerne von Zeit zur Zeit vorbei, [&hellip;]\" \/>\n<meta property=\"og:url\" content=\"https:\/\/staging.foolography.com\/de\/versand-updates\/\" \/>\n<meta property=\"og:site_name\" content=\"foolography\" \/>\n<meta property=\"article:publisher\" content=\"https:\/\/facebook.com\/foolography\" \/>\n<meta property=\"article:modified_time\" content=\"2024-08-23T13:37:49+00:00\" \/>\n<meta name=\"twitter:card\" content=\"summary_large_image\" \/>\n<meta name=\"twitter:site\" content=\"@foolography\" \/>\n<meta name=\"twitter:label1\" content=\"Est. reading time\" \/>\n\t<meta name=\"twitter:data1\" content=\"2 Minuten\" \/>\n<!-- \/ Yoast SEO plugin. -->","yoast_head_json":{"title":"Shipping Updates - foolography","robots":{"index":"index","follow":"follow","max-snippet":"max-snippet:-1","max-image-preview":"max-image-preview:large","max-video-preview":"max-video-preview:-1"},"canonical":"https:\/\/staging.foolography.com\/de\/versand-updates\/","og_locale":"de_DE","og_type":"article","og_title":"Shipping Updates - foolography","og_description":"Versand Updates Vielen Dank, dass du das Unleashed vorbestellt hast. Wir freuen uns \u00fcber jeden Kunden und sind schon jetzt gespannt, was du alles mit dem Unleashed kreieren wirst. Da uns Transparenz sehr wichtig ist, wollen wir dich mit dieser Seite bez\u00fcglich deiner Bestellung auf dem Laufenden halten. Schau gerne von Zeit zur Zeit vorbei, [&hellip;]","og_url":"https:\/\/staging.foolography.com\/de\/versand-updates\/","og_site_name":"foolography","article_publisher":"https:\/\/facebook.com\/foolography","article_modified_time":"2024-08-23T13:37:49+00:00","twitter_card":"summary_large_image","twitter_site":"@foolography","twitter_misc":{"Est. reading time":"2 Minuten"},"schema":{"@context":"https:\/\/schema.org","@graph":[{"@type":"WebPage","@id":"https:\/\/staging.foolography.com\/de\/versand-updates\/","url":"https:\/\/staging.foolography.com\/de\/versand-updates\/","name":"Shipping Updates - foolography","isPartOf":{"@id":"https:\/\/staging.foolography.com\/#website"},"datePublished":"2021-02-12T13:36:20+00:00","dateModified":"2024-08-23T13:37:49+00:00","breadcrumb":{"@id":"https:\/\/staging.foolography.com\/de\/versand-updates\/#breadcrumb"},"inLanguage":"de-DE","potentialAction":[{"@type":"ReadAction","target":["https:\/\/staging.foolography.com\/de\/versand-updates\/"]}]},{"@type":"BreadcrumbList","@id":"https:\/\/staging.foolography.com\/de\/versand-updates\/#breadcrumb","itemListElement":[{"@type":"ListItem","position":1,"name":"Home","item":"https:\/\/staging.foolography.com\/de\/"},{"@type":"ListItem","position":2,"name":"Shipping Updates"}]},{"@type":"WebSite","@id":"https:\/\/staging.foolography.com\/#website","url":"https:\/\/staging.foolography.com\/","name":"foolography","description":"Smartes Kamerazubeh\u00f6r","potentialAction":[{"@type":"SearchAction","target":{"@type":"EntryPoint","urlTemplate":"https:\/\/staging.foolography.com\/?s={search_term_string}"},"query-input":"required name=search_term_string"}],"inLanguage":"de-DE"}]}},"_links":{"self":[{"href":"https:\/\/staging.foolography.com\/de\/wp-json\/wp\/v2\/pages\/16467"}],"collection":[{"href":"https:\/\/staging.foolography.com\/de\/wp-json\/wp\/v2\/pages"}],"about":[{"href":"https:\/\/staging.foolography.com\/de\/wp-json\/wp\/v2\/types\/page"}],"author":[{"embeddable":true,"href":"https:\/\/staging.foolography.com\/de\/wp-json\/wp\/v2\/users\/6"}],"replies":[{"embeddable":true,"href":"https:\/\/staging.foolography.com\/de\/wp-json\/wp\/v2\/comments?post=16467"}],"version-history":[{"count":56,"href":"https:\/\/staging.foolography.com\/de\/wp-json\/wp\/v2\/pages\/16467\/revisions"}],"predecessor-version":[{"id":66413,"href":"https:\/\/staging.foolography.com\/de\/wp-json\/wp\/v2\/pages\/16467\/revisions\/66413"}],"wp:attachment":[{"href":"https:\/\/staging.foolography.com\/de\/wp-json\/wp\/v2\/media?parent=16467"}],"curies":[{"name":"wp","href":"https:\/\/api.w.org\/{rel}","templated":true}]}}