{"id":56922,"date":"2024-01-25T20:35:02","date_gmt":"2024-01-25T19:35:02","guid":{"rendered":"https:\/\/staging.foolography.com\/produkte\/entagged\/rfid-nfc\/"},"modified":"2024-08-14T03:13:47","modified_gmt":"2024-08-14T01:13:47","slug":"rfid-nfc","status":"publish","type":"page","link":"https:\/\/staging.foolography.com\/de\/produkte\/entagged\/rfid-nfc\/","title":{"rendered":"RFID\/NFC"},"content":{"rendered":"<section class=\"landing-section section-half-height\">\r\n <article class=\"grid grid-full section-half-height vc reveal\">\r\n   <h3>&nbsp;<\/h3>\r\n   <p><img decoding=\"async\" src=\"\/wp-content\/uploads\/ENTAGGED-GOTPHOTO.svg\" alt=\"ENTAGGED - GOTPHOTO\" class=\"size-large\" \/><\/p>\r\n   <p>Wir freuen uns sehr, bekanntzugeben, dass das Entagged von Fotograf.de, der f\u00fchrenden End-to-End-Workflow- und E-Commerce-L\u00f6sung f\u00fcr Fotografen, \u00fcbernommen wurde. Mit dieser \u00dcbernahme beginnt ein spannendes neues Kapitel f\u00fcr uns, da wir unsere Kr\u00e4fte b\u00fcndeln, um unseren Kunden ein noch besseres Erlebnis mit neuen Funktionen und verbessertem Support zu bieten.<\/p>\r\n  <p><a href=\"\/de\/2024\/08\/14\/fotograf-de-uebernimmt-entagged\/\" class=\"learn-more\">Erfahre mehr \u00fcber die \u00dcbernahme<\/a><\/p>\r\n <\/article>\r\n<\/section>\r\n\r\n<section class=\"section-splash section-half-height\">\r\n <article class=\"grid-full section-half-height header raster vc \">\r\n  <h1 class=\"headline\"> RFID\/NFC <\/h1>\r\n  <h2 class=\"subtitle\">Scanne RFID Tags mit deinem Smartphone<\/h2>\r\n <\/article>\r\n\r\n<!--<video class=\"bg-video-cover\" preload=\"auto\" autoplay loop muted playsinline webkit-playsinline poster=\"\/wp-content\/uploads\/Entagged-Name-List-usage-480p.jpg\">\r\n\r\n  <source src=\"\/wp-content\/uploads\/Entagged-Name-List-usage-480p.mp4\" type=\"video\/mp4\">\r\n<img decoding=\"async\" class=\"video-background-fallback\" src=\"\/wp-content\/uploads\/Entagged-Name-List-usage-480p.jpg\" \/>\r\n <\/video>\r\n-->\r\n<\/section>\r\n\r\n\r\n\r\n<section  class=\"landing-section section-half-height bg-light\">\r\n <article class=\"grid grid-full section-half-height bg-light vc reveal\">\r\n\r\n<p class=\"large\">Das revolutionelle RFID\/NFC Scanning Feature vom Entagged er\u00f6ffnet endlose M\u00f6glichkeiten f\u00fcr Profifotografen \u2013 ohne dass man teure RFID Scanner kaufen muss. Nutze einfach den eingebauten NFC Scanner in deinem Handy um RFID Tags zu scannen. Die Codes werden dann an das Entagged geschickt, und dies bettet sie dann automatisch in die Metadaten der Fotos ein die du mit deiner Kamera schiesst.\r\n<br>Ob du ein erfahrener Event-fotograf bist, oder gerade erst in ein neues Feld der Fotografie eintreten willst, das neue RFID\/NFC Scanning Feature des Entaggaed wird nahtlos in dein System integrieren und helfen, deinen Workflow zu automatisieren.<\/p>\r\n <\/article>\r\n\r\n<\/section>\r\n\r\n\r\n<section class=\"landing-section section-full-height bg-light\">\r\n\r\n <div class=\"grid grid-half bg-image section-full-height\" style=\"background-image: url('\/wp-content\/uploads\/entagged-rfid-nfc-screenshot-2.png');\">\r\n <\/div>\r\n\r\n<article class=\"grid grid-half section-full-height bg-light vc\">\r\n\r\n  <h2 class=\"reveal\">KEINE TEUREN SCANNER MEHR \u2013 RFID SCANNING F\u00dcR ALLE<\/h2>\r\n  <p class=\"reveal-70\">Mit dem benutzerfreundlichen und intuitive design unserer App ist RFID tagging nun einfacher denn je. Dies macht es perfekt f\u00fcr alle Volumenfotografen die RFID basierte system nutzen wollen oder m\u00fcssen, wie die, die in Freizeitparks, Hotels und Kreuzfahrtschiffen oder jegliche Events bereits f\u00fcr Eintritts und Ticketsysteme verwendet werden.<\/p>\r\n\r\n<\/article>\r\n\r\n<\/section>\r\n\r\n\r\n<section class=\"landing-section section-half-height bg-light vc\">\r\n <article class=\"grid section-half-height bg-light vc\">\r\n  <h3>Das g\u00fcnstige, &#8222;Cutting Edge&#8220; Werkzeug um deine Fotografiegesch\u00e4ft zu expandieren:<\/h3>\r\n  <ul class=\"large\">\r\n   <li>Bequeme und intuitive Benutzeroberfl\u00e4che<\/li>\r\n   <li>Keine teuren Scanners werden gebraucht <\/li>\r\n   <li>Erweitere dein Gesch\u00e4ft mit minimalen Investment<\/li>\r\n   <li>Spart Zeit, Geld und Aufwand mit <em>noch mehr<\/em> Ger\u00e4ten umzugehen<\/li>\r\n  <\/ul>\r\n <\/article>\r\n\r\n\r\n<\/section>\r\n\r\n<section class=\"landing-section section-half-height bg-light\">\r\n <article class=\"grid grid-half section-half-height bg-light vc\">\r\n\r\n  <h3>EINFACH SCANNEN UND AUSL\u00d6SEN \u2013 DIREKT VOM SMARTPHONE<\/h3>\r\n  <ol style=\"padding-left: 1.2em;\">\r\n   <li>Tippe \u201cStarte Scannen\u201d und halte dein Smartphone in die N\u00e4he des RFID Tags\/Armbands.<\/li>\r\n   <li>Die App sendet den eindeutigen Code an das Entagged an deiner Kamera.<\/li>\r\n   <li>Mache Fotos &#8211; alle folgende Fotos haben diesen Code nun eingebettet.<\/li>\r\n  <\/ol>\r\n\r\n <\/article>\r\n\r\n <div class=\"grid grid-half bg-image section-half-height bg-light\" style=\"background-image: url('\/wp-content\/uploads\/entagged-rfid-nfc-screenshots-2.png');\">\r\n <\/div>\r\n<!--\r\n<div class=\"grid grid-half section-half-height support-videos__post-wrapper\">\r\n<video preload=\"auto\" autoplay loop muted playsinline webkit-playsinline poster=\"\/wp-content\/uploads\/Entagged-Name-List-usage-480p.jpg\">\r\n\r\n  <source src=\"\/wp-content\/uploads\/Entagged-Name-List-usage-480p.mp4\" type=\"video\/mp4\">\r\n<img decoding=\"async\" class=\"video-background-fallback\" src=\"\/wp-content\/uploads\/Entagged-Name-List-usage-480p.jpg\" \/>\r\n <\/video>\r\n<\/div>\r\n-->\r\n<!--\r\n <div class=\"grid grid-half section-half-height support-videos__post-wrapper\">\r\n  <div class=\"responsive-container\">\r\n   <iframe loading=\"lazy\" width=\"748\" height=\"421\" src=\"https:\/\/www.youtube.com\/embed\/5b26SIyPdbc?autoplay=1&mute=1\" title=\"YouTube video player\" frameborder=\"0\" allow=\"accelerometer; autoplay; clipboard-write; encrypted-media; gyroscope; picture-in-picture\" allowfullscreen><\/iframe>\r\n  <\/div>\r\n <\/div>\r\n-->\r\n<\/section>\r\n\r\n\r\n<section class=\"landing-section section-half-height bg-light\">\r\n  <div class=\"grid grid-half bg-image-cover section-half-height\" style=\"background-image: url('\/wp-content\/uploads\/pietra-schwarzler-buNlKDDFy4A-unsplash-1500.jpg'); background-position: center bottom;\">\r\n <\/div>\r\n <article class=\"grid grid-half section-half-height bg-light vc\">\r\n\r\n  <h3 class=\"reveal\">Anwendungsf\u00e4lle f\u00fcrs RFID Tagging<\/h3>\r\n\r\n  <p>\r\n  <ul style=\"padding-left: 1.2em;\">\r\n   <li>Scanne RFID Armb\u00e4nder in Freizeitparks, die bereits ein RFID System nutzen, zB f\u00fcr&#8217;s Eintrittssystem<\/li>\r\n   <li>Scanne Zimmerkarten in Hotel- oder Kreuzfahrt-fotografie<\/li> \r\n   <li>RFID Armb\u00e4nder in Clubs<\/li> \r\n   <li>Universit\u00e4ten\/Schulen mit RFID Studentenausweisen<\/li> \r\n   <li>Events wo du NFC Armb\u00e4nder oder Karten mit eindeutigen NDEF URLs gespeichert hast, die Kunden dann ohne App auf ihrem iPhone oder Android Handy scannen k\u00f6nnen um zu privaten Gallerien auf deiner Webseite mit ihren Fotos kommen<\/li> \r\n  <\/ul>\r\n\r\n <\/article>\r\n<\/section>\r\n\r\n\r\n<!--\r\n<section class=\"landing-section section-half-height bg-light\">\r\n <article class=\"grid grid-half section-half-height bg-light vc\">\r\n\r\n  <h3>RFID tagging photos \u2013 made simple<\/h3>\r\n  <p class=\"reveal-70\">Watch this short tutorial to see how easy RFID tagging your photos could be.<\/p>\r\n\r\n <\/article>\r\n\r\n <div class=\"grid grid-half section-half-height support-videos__post-wrapper\">\r\n  <div class=\"responsive-container\">\r\n   <iframe loading=\"lazy\" width=\"421\" height=\"748\" src=\"https:\/\/www.youtube.com\/embed\/VDj5Hctnd34?feature=oembed&rel=0\" title=\"Picture Day workflow\" frameborder=\"0\" allow=\"accelerometer; autoplay; clipboard-write; encrypted-media; gyroscope; picture-in-picture\" allowfullscreen><\/iframe>\r\n  <\/div>\r\n <\/div>\r\n\r\n<\/section>\r\n-->\r\n\r\n<section class=\"landing-section section-quarter-height bg-light vc\">\r\n <article class=\"grid grid-full section-quarter-height bg-light vc reveal\">\r\n  <h3>Automatisiere deinen Workflow \u2013\u00a0Hol dir RFID\/NFC Tagging f\u00fcr&#8217;s Entagged<\/h3>\r\n  <p>Verpasse nicht den Anschluss an diese neue Technologie \u2013 starte heute dein Abo und tagge deine Event Fotos ohne ein Verm\u00f6gen auszugeben!<\/p>\r\n <\/article>\r\n<\/section>\r\n\r\n<section class=\"landing-section section-quarter-height bg-light\">\r\n\r\n  <article class=\"grid grid-third section-quarter-height bg-light hc reveal\">\r\n  <img decoding=\"async\" src=\"\/wp-content\/uploads\/entagged-subscription-icon-1m-160.svg\" alt=\"subscription-icon\" class=\"aligncenter size-full\" \/>\r\n  <h3 class=\"reveal hc\">Monatliches Abo<\/h3>\r\n  <p class=\"large\">35\u20ac pro monat<\/p>\r\n<p class=\"buy-button\"><a href=\"\/shop\/product\/entagged-rfid-nfc\/?attribute_pa_subscription=1m\">Abboniere Jetzt<br \/> f\u00fcr <span class=\"woocommerce-Price-amount amount\"><bdi>35.00&nbsp;<span class=\"woocommerce-Price-currencySymbol\">&euro;<\/span><\/bdi><\/span>\/month<\/a><\/p>\r\n <\/article>\r\n\r\n <article class=\"grid grid-third section-quarter-height bg-light hc reveal\">\r\n\r\n  <img decoding=\"async\" src=\"\/wp-content\/uploads\/entagged-subscription-icon-12m-160.svg\" alt=\"subscription-icon\" class=\"aligncenter size-full\" \/>\r\n  <h3 class=\"reveal hc\">J\u00e4hrliches Abo, monatliche Zahlung<\/h3>\r\n  <p class=\"large\">15\u20ac pro monat<\/p>\r\n<p class=\"buy-button\"><a href=\"\/shop\/product\/entagged-rfid-nfc\/?attribute_pa_subscription=12m\">Abboniere jetzt <br \/> f\u00fcr <span class=\"woocommerce-Price-amount amount\"><bdi>15.00&nbsp;<span class=\"woocommerce-Price-currencySymbol\">&euro;<\/span><\/bdi><\/span>\/month<\/a><\/p>\r\n <\/article>\r\n\r\n <article class=\"grid grid-third section-quarter-height bg-light hc reveal\">\r\n  <img decoding=\"async\" src=\"\/wp-content\/uploads\/entagged-subscription-icon-1y-160.svg\" alt=\"subscription-icon\" class=\"aligncenter size-full\" \/>\r\n  <h3 class=\"reveal hc\">J\u00e4hrliches Abo<\/h3>\r\n  <p class=\"large\">12\u20ac pro monat<\/p>\r\n<p class=\"buy-button\"><a href=\"\/shop\/product\/entagged-rfid-nfc\/?attribute_pa_subscription=1y\">Abboniere Jetzt<br \/>f\u00fcr <span class=\"woocommerce-Price-amount amount\"><bdi>144.00&nbsp;<span class=\"woocommerce-Price-currencySymbol\">&euro;<\/span><\/bdi><\/span><!--<del>420 \u20ac<\/del> 144 \u20ac-->\/year<\/a><\/p>\r\n <\/article>\r\n<\/section>\r\n\r\n<section class=\"landing-section section-quarter-height bg-light\">\r\n\r\n <article class=\"grid grid-full section-half-height bg-light vc reveal\">\r\n  <img decoding=\"async\" src=\"\/wp-content\/uploads\/free-to-try-rfid.svg\" width=\"600\" alt=\"free to try\" class=\"aligncenter size-full\" \/>\r\n <\/article>\r\n<\/section>","protected":false},"excerpt":{"rendered":"&nbsp; Wir freuen uns sehr, bekanntzugeben, dass das Entagged von Fotograf.de, der f\u00fchrenden End-to-End-Workflow- und E-Commerce-L\u00f6sung f\u00fcr Fotografen, \u00fcbernommen wurde. Mit dieser \u00dcbernahme beginnt ein spannendes neues Kapitel f\u00fcr uns, da wir unsere Kr\u00e4fte b\u00fcndeln, um unseren Kunden ein noch besseres Erlebnis mit neuen Funktionen und verbessertem Support zu bieten. Erfahre mehr \u00fcber die \u00dcbernahme [&hellip;]","protected":false},"author":2595,"featured_media":0,"parent":11664,"menu_order":0,"comment_status":"closed","ping_status":"closed","template":"template-fullwidth.php","meta":{"footnotes":""},"yoast_head":"<!-- This site is optimized with the Yoast SEO plugin v22.8 - https:\/\/yoast.com\/wordpress\/plugins\/seo\/ -->\n<title>RFID\/NFC - foolography<\/title>\n<meta name=\"robots\" content=\"index, follow, max-snippet:-1, max-image-preview:large, max-video-preview:-1\" \/>\n<link rel=\"canonical\" href=\"https:\/\/staging.foolography.com\/products\/entagged\/rfid-nfc\/\" \/>\n<meta property=\"og:locale\" content=\"de_DE\" \/>\n<meta property=\"og:type\" content=\"article\" \/>\n<meta property=\"og:title\" content=\"RFID\/NFC - foolography\" \/>\n<meta property=\"og:description\" content=\"&nbsp; Wir freuen uns sehr, bekanntzugeben, dass das Entagged von Fotograf.de, der f\u00fchrenden End-to-End-Workflow- und E-Commerce-L\u00f6sung f\u00fcr Fotografen, \u00fcbernommen wurde. Mit dieser \u00dcbernahme beginnt ein spannendes neues Kapitel f\u00fcr uns, da wir unsere Kr\u00e4fte b\u00fcndeln, um unseren Kunden ein noch besseres Erlebnis mit neuen Funktionen und verbessertem Support zu bieten. Erfahre mehr \u00fcber die \u00dcbernahme [&hellip;]\" \/>\n<meta property=\"og:url\" content=\"https:\/\/staging.foolography.com\/products\/entagged\/rfid-nfc\/\" \/>\n<meta property=\"og:site_name\" content=\"foolography\" \/>\n<meta property=\"article:publisher\" content=\"https:\/\/facebook.com\/foolography\" \/>\n<meta property=\"article:modified_time\" content=\"2024-08-14T01:13:47+00:00\" \/>\n<meta name=\"twitter:card\" content=\"summary_large_image\" \/>\n<meta name=\"twitter:site\" content=\"@foolography\" \/>\n<meta name=\"twitter:label1\" content=\"Est. reading time\" \/>\n\t<meta name=\"twitter:data1\" content=\"2 Minuten\" \/>\n<!-- \/ Yoast SEO plugin. -->","yoast_head_json":{"title":"RFID\/NFC - foolography","robots":{"index":"index","follow":"follow","max-snippet":"max-snippet:-1","max-image-preview":"max-image-preview:large","max-video-preview":"max-video-preview:-1"},"canonical":"https:\/\/staging.foolography.com\/products\/entagged\/rfid-nfc\/","og_locale":"de_DE","og_type":"article","og_title":"RFID\/NFC - foolography","og_description":"&nbsp; Wir freuen uns sehr, bekanntzugeben, dass das Entagged von Fotograf.de, der f\u00fchrenden End-to-End-Workflow- und E-Commerce-L\u00f6sung f\u00fcr Fotografen, \u00fcbernommen wurde. Mit dieser \u00dcbernahme beginnt ein spannendes neues Kapitel f\u00fcr uns, da wir unsere Kr\u00e4fte b\u00fcndeln, um unseren Kunden ein noch besseres Erlebnis mit neuen Funktionen und verbessertem Support zu bieten. Erfahre mehr \u00fcber die \u00dcbernahme [&hellip;]","og_url":"https:\/\/staging.foolography.com\/products\/entagged\/rfid-nfc\/","og_site_name":"foolography","article_publisher":"https:\/\/facebook.com\/foolography","article_modified_time":"2024-08-14T01:13:47+00:00","twitter_card":"summary_large_image","twitter_site":"@foolography","twitter_misc":{"Est. reading time":"2 Minuten"},"schema":{"@context":"https:\/\/schema.org","@graph":[{"@type":"WebPage","@id":"https:\/\/staging.foolography.com\/products\/entagged\/rfid-nfc\/","url":"https:\/\/staging.foolography.com\/products\/entagged\/rfid-nfc\/","name":"RFID\/NFC - foolography","isPartOf":{"@id":"https:\/\/staging.foolography.com\/#website"},"datePublished":"2024-01-25T19:35:02+00:00","dateModified":"2024-08-14T01:13:47+00:00","breadcrumb":{"@id":"https:\/\/staging.foolography.com\/products\/entagged\/rfid-nfc\/#breadcrumb"},"inLanguage":"de-DE","potentialAction":[{"@type":"ReadAction","target":["https:\/\/staging.foolography.com\/products\/entagged\/rfid-nfc\/"]}]},{"@type":"BreadcrumbList","@id":"https:\/\/staging.foolography.com\/products\/entagged\/rfid-nfc\/#breadcrumb","itemListElement":[{"@type":"ListItem","position":1,"name":"Home","item":"https:\/\/staging.foolography.com\/de\/"},{"@type":"ListItem","position":2,"name":"Produkte","item":"https:\/\/staging.foolography.com\/de\/produkte\/"},{"@type":"ListItem","position":3,"name":"ENTAGGED","item":"https:\/\/staging.foolography.com\/products\/entagged\/"},{"@type":"ListItem","position":4,"name":"RFID\/NFC"}]},{"@type":"WebSite","@id":"https:\/\/staging.foolography.com\/#website","url":"https:\/\/staging.foolography.com\/","name":"foolography","description":"Smartes Kamerazubeh\u00f6r","potentialAction":[{"@type":"SearchAction","target":{"@type":"EntryPoint","urlTemplate":"https:\/\/staging.foolography.com\/?s={search_term_string}"},"query-input":"required name=search_term_string"}],"inLanguage":"de-DE"}]}},"_links":{"self":[{"href":"https:\/\/staging.foolography.com\/de\/wp-json\/wp\/v2\/pages\/56922"}],"collection":[{"href":"https:\/\/staging.foolography.com\/de\/wp-json\/wp\/v2\/pages"}],"about":[{"href":"https:\/\/staging.foolography.com\/de\/wp-json\/wp\/v2\/types\/page"}],"author":[{"embeddable":true,"href":"https:\/\/staging.foolography.com\/de\/wp-json\/wp\/v2\/users\/2595"}],"replies":[{"embeddable":true,"href":"https:\/\/staging.foolography.com\/de\/wp-json\/wp\/v2\/comments?post=56922"}],"version-history":[{"count":1,"href":"https:\/\/staging.foolography.com\/de\/wp-json\/wp\/v2\/pages\/56922\/revisions"}],"predecessor-version":[{"id":65771,"href":"https:\/\/staging.foolography.com\/de\/wp-json\/wp\/v2\/pages\/56922\/revisions\/65771"}],"up":[{"embeddable":true,"href":"https:\/\/staging.foolography.com\/de\/wp-json\/wp\/v2\/pages\/11664"}],"wp:attachment":[{"href":"https:\/\/staging.foolography.com\/de\/wp-json\/wp\/v2\/media?parent=56922"}],"curies":[{"name":"wp","href":"https:\/\/api.w.org\/{rel}","templated":true}]}}